{"id":217,"date":"2026-02-07T07:13:05","date_gmt":"2026-02-07T07:13:05","guid":{"rendered":"https:\/\/ancomnha.io.vn\/?post_type=product&#038;p=217"},"modified":"2026-02-07T07:13:05","modified_gmt":"2026-02-07T07:13:05","slug":"c2-chanh","status":"publish","type":"product","link":"https:\/\/ancomnha.io.vn\/index.php\/product\/c2-chanh\/","title":{"rendered":"C2 chanh"},"content":{"rendered":"<p>C2 chanh l\u00e0 th\u1ee9c u\u1ed1ng gi\u1ea3i kh\u00e1t quen thu\u1ed9c v\u1edbi <strong data-start=\"47\" data-end=\"100\">v\u1ecb chua nh\u1eb9 t\u1eeb chanh h\u00f2a c\u00f9ng v\u1ecb ng\u1ecdt d\u1ecbu c\u1ee7a tr\u00e0<\/strong>, t\u1ea1o c\u1ea3m gi\u00e1c thanh m\u00e1t v\u00e0 d\u1ec5 u\u1ed1ng. N\u01b0\u1edbc c\u00f3 m\u00e0u v\u00e0ng nh\u1ea1t, h\u01b0\u01a1ng chanh th\u01a1m t\u1ef1 nhi\u00ean, u\u1ed1ng l\u1ea1nh c\u00e0ng ngon. C2 chanh gi\u00fap <strong data-start=\"222\" data-end=\"265\">gi\u1ea3i kh\u00e1t nhanh, gi\u1ea3m c\u1ea3m gi\u00e1c n\u00f3ng b\u1ee9c<\/strong>, r\u1ea5t ph\u00f9 h\u1ee3p \u0111\u1ec3 u\u1ed1ng h\u1eb1ng ng\u00e0y ho\u1eb7c sau khi v\u1eadn \u0111\u1ed9ng.<\/p>\n","protected":false},"excerpt":{"rendered":"<p>C2 chanh l\u00e0 th\u1ee9c u\u1ed1ng gi\u1ea3i kh\u00e1t quen thu\u1ed9c v\u1edbi <strong data-start=\"47\" data-end=\"100\">v\u1ecb chua nh\u1eb9 t\u1eeb chanh h\u00f2a c\u00f9ng v\u1ecb ng\u1ecdt d\u1ecbu c\u1ee7a tr\u00e0<\/strong>, t\u1ea1o c\u1ea3m gi\u00e1c thanh m\u00e1t v\u00e0 d\u1ec5 u\u1ed1ng. N\u01b0\u1edbc c\u00f3 m\u00e0u v\u00e0ng nh\u1ea1t, h\u01b0\u01a1ng chanh th\u01a1m t\u1ef1 nhi\u00ean, u\u1ed1ng l\u1ea1nh c\u00e0ng ngon. C2 chanh gi\u00fap <strong data-start=\"222\" data-end=\"265\">gi\u1ea3i kh\u00e1t nhanh, gi\u1ea3m c\u1ea3m gi\u00e1c n\u00f3ng b\u1ee9c<\/strong>, r\u1ea5t ph\u00f9 h\u1ee3p \u0111\u1ec3 u\u1ed1ng h\u1eb1ng ng\u00e0y ho\u1eb7c sau khi v\u1eadn \u0111\u1ed9ng.<\/p>\n","protected":false},"featured_media":218,"comment_status":"open","ping_status":"closed","template":"","meta":{"_regular_price":["20000"],"currency_symbol":[]},"product_brand":[],"product_cat":[17],"product_tag":[],"class_list":{"0":"post-217","1":"product","2":"type-product","3":"status-publish","4":"has-post-thumbnail","6":"product_cat-uncategorized","8":"first","9":"instock","10":"sale","11":"taxable","12":"shipping-taxable","13":"purchasable","14":"product-type-simple"},"post_slider_layout_featured_media_urls":{"thumbnail":["https:\/\/ancomnha.io.vn\/wp-content\/uploads\/2026\/02\/shopping-150x150.webp",150,150,true],"post_slider_layout_landscape_large":["https:\/\/ancomnha.io.vn\/wp-content\/uploads\/2026\/02\/shopping.webp",237,237,false],"post_slider_layout_portrait_large":["https:\/\/ancomnha.io.vn\/wp-content\/uploads\/2026\/02\/shopping.webp",237,237,false],"post_slider_layout_square_large":["https:\/\/ancomnha.io.vn\/wp-content\/uploads\/2026\/02\/shopping.webp",237,237,false],"post_slider_layout_landscape":["https:\/\/ancomnha.io.vn\/wp-content\/uploads\/2026\/02\/shopping.webp",237,237,false],"post_slider_layout_portrait":["https:\/\/ancomnha.io.vn\/wp-content\/uploads\/2026\/02\/shopping.webp",237,237,false],"post_slider_layout_square":["https:\/\/ancomnha.io.vn\/wp-content\/uploads\/2026\/02\/shopping.webp",237,237,false],"full":["https:\/\/ancomnha.io.vn\/wp-content\/uploads\/2026\/02\/shopping.webp",237,237,false]},"yoast_head":"<!-- This site is optimized with the Yoast SEO plugin v27.6 - https:\/\/yoast.com\/product\/yoast-seo-wordpress\/ -->\n<title>C2 chanh - \u0102n C\u01a1m Nh\u00e1<\/title>\n<meta name=\"description\" content=\"C2 chanh l\u00e0 th\u1ee9c u\u1ed1ng gi\u1ea3i kh\u00e1t quen thu\u1ed9c v\u1edbi v\u1ecb chua nh\u1eb9 t\u1eeb chanh h\u00f2a c\u00f9ng v\u1ecb ng\u1ecdt d\u1ecbu c\u1ee7a tr\u00e0, t\u1ea1o c\u1ea3m gi\u00e1c thanh m\u00e1t v\u00e0 d\u1ec5 u\u1ed1ng. N\u01b0\u1edbc c\u00f3 m\u00e0u v\u00e0ng nh\u1ea1t, h\u01b0\u01a1ng chanh th\u01a1m t\u1ef1 nhi\u00ean, u\u1ed1ng l\u1ea1nh c\u00e0ng ngon. C2 chanh gi\u00fap gi\u1ea3i kh\u00e1t nhanh, gi\u1ea3m c\u1ea3m gi\u00e1c n\u00f3ng b\u1ee9c, r\u1ea5t ph\u00f9 h\u1ee3p \u0111\u1ec3 u\u1ed1ng h\u1eb1ng ng\u00e0y ho\u1eb7c sau khi v\u1eadn \u0111\u1ed9ng.\" \/>\n<meta name=\"robots\" content=\"index, follow, max-snippet:-1, max-image-preview:large, max-video-preview:-1\" \/>\n<link rel=\"canonical\" href=\"https:\/\/ancomnha.io.vn\/index.php\/product\/c2-chanh\/\" \/>\n<meta property=\"og:locale\" content=\"vi_VN\" \/>\n<meta property=\"og:type\" content=\"article\" \/>\n<meta property=\"og:title\" content=\"C2 chanh - \u0102n C\u01a1m Nh\u00e1\" \/>\n<meta property=\"og:description\" content=\"C2 chanh l\u00e0 th\u1ee9c u\u1ed1ng gi\u1ea3i kh\u00e1t quen thu\u1ed9c v\u1edbi v\u1ecb chua nh\u1eb9 t\u1eeb chanh h\u00f2a c\u00f9ng v\u1ecb ng\u1ecdt d\u1ecbu c\u1ee7a tr\u00e0, t\u1ea1o c\u1ea3m gi\u00e1c thanh m\u00e1t v\u00e0 d\u1ec5 u\u1ed1ng. N\u01b0\u1edbc c\u00f3 m\u00e0u v\u00e0ng nh\u1ea1t, h\u01b0\u01a1ng chanh th\u01a1m t\u1ef1 nhi\u00ean, u\u1ed1ng l\u1ea1nh c\u00e0ng ngon. C2 chanh gi\u00fap gi\u1ea3i kh\u00e1t nhanh, gi\u1ea3m c\u1ea3m gi\u00e1c n\u00f3ng b\u1ee9c, r\u1ea5t ph\u00f9 h\u1ee3p \u0111\u1ec3 u\u1ed1ng h\u1eb1ng ng\u00e0y ho\u1eb7c sau khi v\u1eadn \u0111\u1ed9ng.\" \/>\n<meta property=\"og:url\" content=\"https:\/\/ancomnha.io.vn\/index.php\/product\/c2-chanh\/\" \/>\n<meta property=\"og:site_name\" content=\"\u0102n C\u01a1m Nh\u00e1\" \/>\n<meta property=\"og:image\" content=\"https:\/\/ancomnha.io.vn\/wp-content\/uploads\/2026\/02\/shopping.webp\" \/>\n\t<meta property=\"og:image:width\" content=\"237\" \/>\n\t<meta property=\"og:image:height\" content=\"237\" \/>\n\t<meta property=\"og:image:type\" content=\"image\/webp\" \/>\n<meta name=\"twitter:card\" content=\"summary_large_image\" \/>\n<meta name=\"twitter:label1\" content=\"\u01af\u1edbc t\u00ednh th\u1eddi gian \u0111\u1ecdc\" \/>\n\t<meta name=\"twitter:data1\" content=\"1 ph\u00fat\" \/>\n<script type=\"application\/ld+json\" class=\"yoast-schema-graph\">{\"@context\":\"https:\\\/\\\/schema.org\",\"@graph\":[{\"@type\":\"WebPage\",\"@id\":\"https:\\\/\\\/ancomnha.io.vn\\\/index.php\\\/product\\\/c2-chanh\\\/\",\"url\":\"https:\\\/\\\/ancomnha.io.vn\\\/index.php\\\/product\\\/c2-chanh\\\/\",\"name\":\"C2 chanh - \u0102n C\u01a1m Nh\u00e1\",\"isPartOf\":{\"@id\":\"https:\\\/\\\/ancomnha.io.vn\\\/#website\"},\"primaryImageOfPage\":{\"@id\":\"https:\\\/\\\/ancomnha.io.vn\\\/index.php\\\/product\\\/c2-chanh\\\/#primaryimage\"},\"image\":{\"@id\":\"https:\\\/\\\/ancomnha.io.vn\\\/index.php\\\/product\\\/c2-chanh\\\/#primaryimage\"},\"thumbnailUrl\":\"https:\\\/\\\/ancomnha.io.vn\\\/wp-content\\\/uploads\\\/2026\\\/02\\\/shopping.webp\",\"datePublished\":\"2026-02-07T07:13:05+00:00\",\"description\":\"C2 chanh l\u00e0 th\u1ee9c u\u1ed1ng gi\u1ea3i kh\u00e1t quen thu\u1ed9c v\u1edbi v\u1ecb chua nh\u1eb9 t\u1eeb chanh h\u00f2a c\u00f9ng v\u1ecb ng\u1ecdt d\u1ecbu c\u1ee7a tr\u00e0, t\u1ea1o c\u1ea3m gi\u00e1c thanh m\u00e1t v\u00e0 d\u1ec5 u\u1ed1ng. N\u01b0\u1edbc c\u00f3 m\u00e0u v\u00e0ng nh\u1ea1t, h\u01b0\u01a1ng chanh th\u01a1m t\u1ef1 nhi\u00ean, u\u1ed1ng l\u1ea1nh c\u00e0ng ngon. C2 chanh gi\u00fap gi\u1ea3i kh\u00e1t nhanh, gi\u1ea3m c\u1ea3m gi\u00e1c n\u00f3ng b\u1ee9c, r\u1ea5t ph\u00f9 h\u1ee3p \u0111\u1ec3 u\u1ed1ng h\u1eb1ng ng\u00e0y ho\u1eb7c sau khi v\u1eadn \u0111\u1ed9ng.\",\"breadcrumb\":{\"@id\":\"https:\\\/\\\/ancomnha.io.vn\\\/index.php\\\/product\\\/c2-chanh\\\/#breadcrumb\"},\"inLanguage\":\"vi\",\"potentialAction\":[{\"@type\":\"ReadAction\",\"target\":[\"https:\\\/\\\/ancomnha.io.vn\\\/index.php\\\/product\\\/c2-chanh\\\/\"]}]},{\"@type\":\"ImageObject\",\"inLanguage\":\"vi\",\"@id\":\"https:\\\/\\\/ancomnha.io.vn\\\/index.php\\\/product\\\/c2-chanh\\\/#primaryimage\",\"url\":\"https:\\\/\\\/ancomnha.io.vn\\\/wp-content\\\/uploads\\\/2026\\\/02\\\/shopping.webp\",\"contentUrl\":\"https:\\\/\\\/ancomnha.io.vn\\\/wp-content\\\/uploads\\\/2026\\\/02\\\/shopping.webp\",\"width\":237,\"height\":237},{\"@type\":\"BreadcrumbList\",\"@id\":\"https:\\\/\\\/ancomnha.io.vn\\\/index.php\\\/product\\\/c2-chanh\\\/#breadcrumb\",\"itemListElement\":[{\"@type\":\"ListItem\",\"position\":1,\"name\":\"Home\",\"item\":\"https:\\\/\\\/ancomnha.io.vn\\\/\"},{\"@type\":\"ListItem\",\"position\":2,\"name\":\"Shop\",\"item\":\"https:\\\/\\\/ancomnha.io.vn\\\/index.php\\\/shop\\\/\"},{\"@type\":\"ListItem\",\"position\":3,\"name\":\"C2 chanh\"}]},{\"@type\":\"WebSite\",\"@id\":\"https:\\\/\\\/ancomnha.io.vn\\\/#website\",\"url\":\"https:\\\/\\\/ancomnha.io.vn\\\/\",\"name\":\"\u0102n C\u01a1m Nh\u00e1\",\"description\":\"\",\"publisher\":{\"@id\":\"https:\\\/\\\/ancomnha.io.vn\\\/#organization\"},\"potentialAction\":[{\"@type\":\"SearchAction\",\"target\":{\"@type\":\"EntryPoint\",\"urlTemplate\":\"https:\\\/\\\/ancomnha.io.vn\\\/?s={search_term_string}\"},\"query-input\":{\"@type\":\"PropertyValueSpecification\",\"valueRequired\":true,\"valueName\":\"search_term_string\"}}],\"inLanguage\":\"vi\"},{\"@type\":\"Organization\",\"@id\":\"https:\\\/\\\/ancomnha.io.vn\\\/#organization\",\"name\":\"\u0102n C\u01a1m Nh\u00e1\",\"url\":\"https:\\\/\\\/ancomnha.io.vn\\\/\",\"logo\":{\"@type\":\"ImageObject\",\"inLanguage\":\"vi\",\"@id\":\"https:\\\/\\\/ancomnha.io.vn\\\/#\\\/schema\\\/logo\\\/image\\\/\",\"url\":\"https:\\\/\\\/ancomnha.io.vn\\\/wp-content\\\/uploads\\\/2026\\\/01\\\/cropped-logo-ancomnha-1.jpg\",\"contentUrl\":\"https:\\\/\\\/ancomnha.io.vn\\\/wp-content\\\/uploads\\\/2026\\\/01\\\/cropped-logo-ancomnha-1.jpg\",\"width\":200,\"height\":200,\"caption\":\"\u0102n C\u01a1m Nh\u00e1\"},\"image\":{\"@id\":\"https:\\\/\\\/ancomnha.io.vn\\\/#\\\/schema\\\/logo\\\/image\\\/\"}}]}<\/script>\n<!-- \/ Yoast SEO plugin. -->","yoast_head_json":{"title":"C2 chanh - \u0102n C\u01a1m Nh\u00e1","description":"C2 chanh l\u00e0 th\u1ee9c u\u1ed1ng gi\u1ea3i kh\u00e1t quen thu\u1ed9c v\u1edbi v\u1ecb chua nh\u1eb9 t\u1eeb chanh h\u00f2a c\u00f9ng v\u1ecb ng\u1ecdt d\u1ecbu c\u1ee7a tr\u00e0, t\u1ea1o c\u1ea3m gi\u00e1c thanh m\u00e1t v\u00e0 d\u1ec5 u\u1ed1ng. N\u01b0\u1edbc c\u00f3 m\u00e0u v\u00e0ng nh\u1ea1t, h\u01b0\u01a1ng chanh th\u01a1m t\u1ef1 nhi\u00ean, u\u1ed1ng l\u1ea1nh c\u00e0ng ngon. C2 chanh gi\u00fap gi\u1ea3i kh\u00e1t nhanh, gi\u1ea3m c\u1ea3m gi\u00e1c n\u00f3ng b\u1ee9c, r\u1ea5t ph\u00f9 h\u1ee3p \u0111\u1ec3 u\u1ed1ng h\u1eb1ng ng\u00e0y ho\u1eb7c sau khi v\u1eadn \u0111\u1ed9ng.","robots":{"index":"index","follow":"follow","max-snippet":"max-snippet:-1","max-image-preview":"max-image-preview:large","max-video-preview":"max-video-preview:-1"},"canonical":"https:\/\/ancomnha.io.vn\/index.php\/product\/c2-chanh\/","og_locale":"vi_VN","og_type":"article","og_title":"C2 chanh - \u0102n C\u01a1m Nh\u00e1","og_description":"C2 chanh l\u00e0 th\u1ee9c u\u1ed1ng gi\u1ea3i kh\u00e1t quen thu\u1ed9c v\u1edbi v\u1ecb chua nh\u1eb9 t\u1eeb chanh h\u00f2a c\u00f9ng v\u1ecb ng\u1ecdt d\u1ecbu c\u1ee7a tr\u00e0, t\u1ea1o c\u1ea3m gi\u00e1c thanh m\u00e1t v\u00e0 d\u1ec5 u\u1ed1ng. N\u01b0\u1edbc c\u00f3 m\u00e0u v\u00e0ng nh\u1ea1t, h\u01b0\u01a1ng chanh th\u01a1m t\u1ef1 nhi\u00ean, u\u1ed1ng l\u1ea1nh c\u00e0ng ngon. C2 chanh gi\u00fap gi\u1ea3i kh\u00e1t nhanh, gi\u1ea3m c\u1ea3m gi\u00e1c n\u00f3ng b\u1ee9c, r\u1ea5t ph\u00f9 h\u1ee3p \u0111\u1ec3 u\u1ed1ng h\u1eb1ng ng\u00e0y ho\u1eb7c sau khi v\u1eadn \u0111\u1ed9ng.","og_url":"https:\/\/ancomnha.io.vn\/index.php\/product\/c2-chanh\/","og_site_name":"\u0102n C\u01a1m Nh\u00e1","og_image":[{"width":237,"height":237,"url":"https:\/\/ancomnha.io.vn\/wp-content\/uploads\/2026\/02\/shopping.webp","type":"image\/webp"}],"twitter_card":"summary_large_image","twitter_misc":{"\u01af\u1edbc t\u00ednh th\u1eddi gian \u0111\u1ecdc":"1 ph\u00fat"},"schema":{"@context":"https:\/\/schema.org","@graph":[{"@type":"WebPage","@id":"https:\/\/ancomnha.io.vn\/index.php\/product\/c2-chanh\/","url":"https:\/\/ancomnha.io.vn\/index.php\/product\/c2-chanh\/","name":"C2 chanh - \u0102n C\u01a1m Nh\u00e1","isPartOf":{"@id":"https:\/\/ancomnha.io.vn\/#website"},"primaryImageOfPage":{"@id":"https:\/\/ancomnha.io.vn\/index.php\/product\/c2-chanh\/#primaryimage"},"image":{"@id":"https:\/\/ancomnha.io.vn\/index.php\/product\/c2-chanh\/#primaryimage"},"thumbnailUrl":"https:\/\/ancomnha.io.vn\/wp-content\/uploads\/2026\/02\/shopping.webp","datePublished":"2026-02-07T07:13:05+00:00","description":"C2 chanh l\u00e0 th\u1ee9c u\u1ed1ng gi\u1ea3i kh\u00e1t quen thu\u1ed9c v\u1edbi v\u1ecb chua nh\u1eb9 t\u1eeb chanh h\u00f2a c\u00f9ng v\u1ecb ng\u1ecdt d\u1ecbu c\u1ee7a tr\u00e0, t\u1ea1o c\u1ea3m gi\u00e1c thanh m\u00e1t v\u00e0 d\u1ec5 u\u1ed1ng. N\u01b0\u1edbc c\u00f3 m\u00e0u v\u00e0ng nh\u1ea1t, h\u01b0\u01a1ng chanh th\u01a1m t\u1ef1 nhi\u00ean, u\u1ed1ng l\u1ea1nh c\u00e0ng ngon. C2 chanh gi\u00fap gi\u1ea3i kh\u00e1t nhanh, gi\u1ea3m c\u1ea3m gi\u00e1c n\u00f3ng b\u1ee9c, r\u1ea5t ph\u00f9 h\u1ee3p \u0111\u1ec3 u\u1ed1ng h\u1eb1ng ng\u00e0y ho\u1eb7c sau khi v\u1eadn \u0111\u1ed9ng.","breadcrumb":{"@id":"https:\/\/ancomnha.io.vn\/index.php\/product\/c2-chanh\/#breadcrumb"},"inLanguage":"vi","potentialAction":[{"@type":"ReadAction","target":["https:\/\/ancomnha.io.vn\/index.php\/product\/c2-chanh\/"]}]},{"@type":"ImageObject","inLanguage":"vi","@id":"https:\/\/ancomnha.io.vn\/index.php\/product\/c2-chanh\/#primaryimage","url":"https:\/\/ancomnha.io.vn\/wp-content\/uploads\/2026\/02\/shopping.webp","contentUrl":"https:\/\/ancomnha.io.vn\/wp-content\/uploads\/2026\/02\/shopping.webp","width":237,"height":237},{"@type":"BreadcrumbList","@id":"https:\/\/ancomnha.io.vn\/index.php\/product\/c2-chanh\/#breadcrumb","itemListElement":[{"@type":"ListItem","position":1,"name":"Home","item":"https:\/\/ancomnha.io.vn\/"},{"@type":"ListItem","position":2,"name":"Shop","item":"https:\/\/ancomnha.io.vn\/index.php\/shop\/"},{"@type":"ListItem","position":3,"name":"C2 chanh"}]},{"@type":"WebSite","@id":"https:\/\/ancomnha.io.vn\/#website","url":"https:\/\/ancomnha.io.vn\/","name":"\u0102n C\u01a1m Nh\u00e1","description":"","publisher":{"@id":"https:\/\/ancomnha.io.vn\/#organization"},"potentialAction":[{"@type":"SearchAction","target":{"@type":"EntryPoint","urlTemplate":"https:\/\/ancomnha.io.vn\/?s={search_term_string}"},"query-input":{"@type":"PropertyValueSpecification","valueRequired":true,"valueName":"search_term_string"}}],"inLanguage":"vi"},{"@type":"Organization","@id":"https:\/\/ancomnha.io.vn\/#organization","name":"\u0102n C\u01a1m Nh\u00e1","url":"https:\/\/ancomnha.io.vn\/","logo":{"@type":"ImageObject","inLanguage":"vi","@id":"https:\/\/ancomnha.io.vn\/#\/schema\/logo\/image\/","url":"https:\/\/ancomnha.io.vn\/wp-content\/uploads\/2026\/01\/cropped-logo-ancomnha-1.jpg","contentUrl":"https:\/\/ancomnha.io.vn\/wp-content\/uploads\/2026\/01\/cropped-logo-ancomnha-1.jpg","width":200,"height":200,"caption":"\u0102n C\u01a1m Nh\u00e1"},"image":{"@id":"https:\/\/ancomnha.io.vn\/#\/schema\/logo\/image\/"}}]}},"jetpack_sharing_enabled":true,"_links":{"self":[{"href":"https:\/\/ancomnha.io.vn\/index.php\/wp-json\/wp\/v2\/product\/217","targetHints":{"allow":["GET"]}}],"collection":[{"href":"https:\/\/ancomnha.io.vn\/index.php\/wp-json\/wp\/v2\/product"}],"about":[{"href":"https:\/\/ancomnha.io.vn\/index.php\/wp-json\/wp\/v2\/types\/product"}],"replies":[{"embeddable":true,"href":"https:\/\/ancomnha.io.vn\/index.php\/wp-json\/wp\/v2\/comments?post=217"}],"wp:featuredmedia":[{"embeddable":true,"href":"https:\/\/ancomnha.io.vn\/index.php\/wp-json\/wp\/v2\/media\/218"}],"wp:attachment":[{"href":"https:\/\/ancomnha.io.vn\/index.php\/wp-json\/wp\/v2\/media?parent=217"}],"wp:term":[{"taxonomy":"product_brand","embeddable":true,"href":"https:\/\/ancomnha.io.vn\/index.php\/wp-json\/wp\/v2\/product_brand?post=217"},{"taxonomy":"product_cat","embeddable":true,"href":"https:\/\/ancomnha.io.vn\/index.php\/wp-json\/wp\/v2\/product_cat?post=217"},{"taxonomy":"product_tag","embeddable":true,"href":"https:\/\/ancomnha.io.vn\/index.php\/wp-json\/wp\/v2\/product_tag?post=217"}],"curies":[{"name":"wp","href":"https:\/\/api.w.org\/{rel}","templated":true}]}}