{"id":210,"date":"2026-02-07T06:57:43","date_gmt":"2026-02-07T06:57:43","guid":{"rendered":"https:\/\/ancomnha.io.vn\/?post_type=product&#038;p=210"},"modified":"2026-02-07T06:57:43","modified_gmt":"2026-02-07T06:57:43","slug":"lau-baba","status":"publish","type":"product","link":"https:\/\/ancomnha.io.vn\/index.php\/product\/lau-baba\/","title":{"rendered":"L\u1ea9u baba"},"content":{"rendered":"<p>L\u1ea9u ba ba l\u00e0 m\u00f3n \u0103n \u0111\u1eb7c s\u1ea3n, n\u1ed5i b\u1eadt v\u1edbi <strong data-start=\"41\" data-end=\"103\">n\u01b0\u1edbc d\u00f9ng \u0111\u1eadm \u0111\u00e0, th\u01a1m m\u00f9i s\u1ea3, ngh\u1ec7 v\u00e0 gia v\u1ecb truy\u1ec1n th\u1ed1ng<\/strong>. Th\u1ecbt ba ba m\u1ec1m, b\u00e9o nh\u1eb9, kh\u00f4ng dai, khi n\u1ea5u l\u00e2u v\u1eabn gi\u1eef \u0111\u01b0\u1ee3c \u0111\u1ed9 ng\u1ecdt t\u1ef1 nhi\u00ean. N\u1ed3i l\u1ea9u th\u01b0\u1eddng \u0103n k\u00e8m <strong data-start=\"206\" data-end=\"236\">rau xanh, n\u1ea5m, b\u00fan ho\u1eb7c m\u00ec<\/strong>, ch\u1ea5m v\u1edbi n\u01b0\u1edbc m\u1eafm \u1edbt cay cay t\u1ea1o c\u1ea3m gi\u00e1c \u1ea5m b\u1ee5ng, r\u1ea5t h\u1ee3p cho nh\u1eefng bu\u1ed5i t\u1ee5 h\u1ecdp hay ng\u00e0y se l\u1ea1nh.<\/p>\n","protected":false},"excerpt":{"rendered":"<p>L\u1ea9u ba ba l\u00e0 m\u00f3n \u0103n \u0111\u1eb7c s\u1ea3n, n\u1ed5i b\u1eadt v\u1edbi <strong data-start=\"41\" data-end=\"103\">n\u01b0\u1edbc d\u00f9ng \u0111\u1eadm \u0111\u00e0, th\u01a1m m\u00f9i s\u1ea3, ngh\u1ec7 v\u00e0 gia v\u1ecb truy\u1ec1n th\u1ed1ng<\/strong>. Th\u1ecbt ba ba m\u1ec1m, b\u00e9o nh\u1eb9, kh\u00f4ng dai, khi n\u1ea5u l\u00e2u v\u1eabn gi\u1eef \u0111\u01b0\u1ee3c \u0111\u1ed9 ng\u1ecdt t\u1ef1 nhi\u00ean. N\u1ed3i l\u1ea9u th\u01b0\u1eddng \u0103n k\u00e8m <strong data-start=\"206\" data-end=\"236\">rau xanh, n\u1ea5m, b\u00fan ho\u1eb7c m\u00ec<\/strong>, ch\u1ea5m v\u1edbi n\u01b0\u1edbc m\u1eafm \u1edbt cay cay t\u1ea1o c\u1ea3m gi\u00e1c \u1ea5m b\u1ee5ng, r\u1ea5t h\u1ee3p cho nh\u1eefng bu\u1ed5i t\u1ee5 h\u1ecdp hay ng\u00e0y se l\u1ea1nh.<\/p>\n","protected":false},"featured_media":211,"comment_status":"open","ping_status":"closed","template":"","meta":{"_regular_price":["800000"],"currency_symbol":[]},"product_brand":[],"product_cat":[17],"product_tag":[],"class_list":{"0":"post-210","1":"product","2":"type-product","3":"status-publish","4":"has-post-thumbnail","6":"product_cat-uncategorized","8":"first","9":"instock","10":"sale","11":"taxable","12":"shipping-taxable","13":"purchasable","14":"product-type-simple"},"post_slider_layout_featured_media_urls":{"thumbnail":["https:\/\/ancomnha.io.vn\/wp-content\/uploads\/2026\/02\/84d4b6c6-abea-4581-84ab-f7fb694e153f-150x150.png",150,150,true],"post_slider_layout_landscape_large":["https:\/\/ancomnha.io.vn\/wp-content\/uploads\/2026\/02\/84d4b6c6-abea-4581-84ab-f7fb694e153f-1024x800.png",1024,800,true],"post_slider_layout_portrait_large":["https:\/\/ancomnha.io.vn\/wp-content\/uploads\/2026\/02\/84d4b6c6-abea-4581-84ab-f7fb694e153f.png",1024,1536,false],"post_slider_layout_square_large":["https:\/\/ancomnha.io.vn\/wp-content\/uploads\/2026\/02\/84d4b6c6-abea-4581-84ab-f7fb694e153f-1024x1200.png",1024,1200,true],"post_slider_layout_landscape":["https:\/\/ancomnha.io.vn\/wp-content\/uploads\/2026\/02\/84d4b6c6-abea-4581-84ab-f7fb694e153f-600x400.png",600,400,true],"post_slider_layout_portrait":["https:\/\/ancomnha.io.vn\/wp-content\/uploads\/2026\/02\/84d4b6c6-abea-4581-84ab-f7fb694e153f-600x900.png",600,900,true],"post_slider_layout_square":["https:\/\/ancomnha.io.vn\/wp-content\/uploads\/2026\/02\/84d4b6c6-abea-4581-84ab-f7fb694e153f-600x600.png",600,600,true],"full":["https:\/\/ancomnha.io.vn\/wp-content\/uploads\/2026\/02\/84d4b6c6-abea-4581-84ab-f7fb694e153f.png",1024,1536,false]},"yoast_head":"<!-- This site is optimized with the Yoast SEO plugin v27.6 - https:\/\/yoast.com\/product\/yoast-seo-wordpress\/ -->\n<title>L\u1ea9u baba - \u0102n C\u01a1m Nh\u00e1<\/title>\n<meta name=\"description\" content=\"L\u1ea9u ba ba l\u00e0 m\u00f3n \u0103n \u0111\u1eb7c s\u1ea3n, n\u1ed5i b\u1eadt v\u1edbi n\u01b0\u1edbc d\u00f9ng \u0111\u1eadm \u0111\u00e0, th\u01a1m m\u00f9i s\u1ea3, ngh\u1ec7 v\u00e0 gia v\u1ecb truy\u1ec1n th\u1ed1ng. Th\u1ecbt ba ba m\u1ec1m, b\u00e9o nh\u1eb9, kh\u00f4ng dai, khi n\u1ea5u l\u00e2u v\u1eabn gi\u1eef \u0111\u01b0\u1ee3c \u0111\u1ed9 ng\u1ecdt t\u1ef1 nhi\u00ean. N\u1ed3i l\u1ea9u th\u01b0\u1eddng \u0103n k\u00e8m rau xanh, n\u1ea5m, b\u00fan ho\u1eb7c m\u00ec, ch\u1ea5m v\u1edbi n\u01b0\u1edbc m\u1eafm \u1edbt cay cay t\u1ea1o c\u1ea3m gi\u00e1c \u1ea5m b\u1ee5ng, r\u1ea5t h\u1ee3p cho nh\u1eefng bu\u1ed5i t\u1ee5 h\u1ecdp hay ng\u00e0y se l\u1ea1nh.\" \/>\n<meta name=\"robots\" content=\"index, follow, max-snippet:-1, max-image-preview:large, max-video-preview:-1\" \/>\n<link rel=\"canonical\" href=\"https:\/\/ancomnha.io.vn\/index.php\/product\/lau-baba\/\" \/>\n<meta property=\"og:locale\" content=\"vi_VN\" \/>\n<meta property=\"og:type\" content=\"article\" \/>\n<meta property=\"og:title\" content=\"L\u1ea9u baba - \u0102n C\u01a1m Nh\u00e1\" \/>\n<meta property=\"og:description\" content=\"L\u1ea9u ba ba l\u00e0 m\u00f3n \u0103n \u0111\u1eb7c s\u1ea3n, n\u1ed5i b\u1eadt v\u1edbi n\u01b0\u1edbc d\u00f9ng \u0111\u1eadm \u0111\u00e0, th\u01a1m m\u00f9i s\u1ea3, ngh\u1ec7 v\u00e0 gia v\u1ecb truy\u1ec1n th\u1ed1ng. Th\u1ecbt ba ba m\u1ec1m, b\u00e9o nh\u1eb9, kh\u00f4ng dai, khi n\u1ea5u l\u00e2u v\u1eabn gi\u1eef \u0111\u01b0\u1ee3c \u0111\u1ed9 ng\u1ecdt t\u1ef1 nhi\u00ean. N\u1ed3i l\u1ea9u th\u01b0\u1eddng \u0103n k\u00e8m rau xanh, n\u1ea5m, b\u00fan ho\u1eb7c m\u00ec, ch\u1ea5m v\u1edbi n\u01b0\u1edbc m\u1eafm \u1edbt cay cay t\u1ea1o c\u1ea3m gi\u00e1c \u1ea5m b\u1ee5ng, r\u1ea5t h\u1ee3p cho nh\u1eefng bu\u1ed5i t\u1ee5 h\u1ecdp hay ng\u00e0y se l\u1ea1nh.\" \/>\n<meta property=\"og:url\" content=\"https:\/\/ancomnha.io.vn\/index.php\/product\/lau-baba\/\" \/>\n<meta property=\"og:site_name\" content=\"\u0102n C\u01a1m Nh\u00e1\" \/>\n<meta property=\"og:image\" content=\"https:\/\/ancomnha.io.vn\/wp-content\/uploads\/2026\/02\/84d4b6c6-abea-4581-84ab-f7fb694e153f-683x1024.png\" \/>\n\t<meta property=\"og:image:width\" content=\"683\" \/>\n\t<meta property=\"og:image:height\" content=\"1024\" \/>\n\t<meta property=\"og:image:type\" content=\"image\/png\" \/>\n<meta name=\"twitter:card\" content=\"summary_large_image\" \/>\n<meta name=\"twitter:label1\" content=\"\u01af\u1edbc t\u00ednh th\u1eddi gian \u0111\u1ecdc\" \/>\n\t<meta name=\"twitter:data1\" content=\"1 ph\u00fat\" \/>\n<script type=\"application\/ld+json\" class=\"yoast-schema-graph\">{\"@context\":\"https:\\\/\\\/schema.org\",\"@graph\":[{\"@type\":\"WebPage\",\"@id\":\"https:\\\/\\\/ancomnha.io.vn\\\/index.php\\\/product\\\/lau-baba\\\/\",\"url\":\"https:\\\/\\\/ancomnha.io.vn\\\/index.php\\\/product\\\/lau-baba\\\/\",\"name\":\"L\u1ea9u baba - \u0102n C\u01a1m Nh\u00e1\",\"isPartOf\":{\"@id\":\"https:\\\/\\\/ancomnha.io.vn\\\/#website\"},\"primaryImageOfPage\":{\"@id\":\"https:\\\/\\\/ancomnha.io.vn\\\/index.php\\\/product\\\/lau-baba\\\/#primaryimage\"},\"image\":{\"@id\":\"https:\\\/\\\/ancomnha.io.vn\\\/index.php\\\/product\\\/lau-baba\\\/#primaryimage\"},\"thumbnailUrl\":\"https:\\\/\\\/ancomnha.io.vn\\\/wp-content\\\/uploads\\\/2026\\\/02\\\/84d4b6c6-abea-4581-84ab-f7fb694e153f.png\",\"datePublished\":\"2026-02-07T06:57:43+00:00\",\"description\":\"L\u1ea9u ba ba l\u00e0 m\u00f3n \u0103n \u0111\u1eb7c s\u1ea3n, n\u1ed5i b\u1eadt v\u1edbi n\u01b0\u1edbc d\u00f9ng \u0111\u1eadm \u0111\u00e0, th\u01a1m m\u00f9i s\u1ea3, ngh\u1ec7 v\u00e0 gia v\u1ecb truy\u1ec1n th\u1ed1ng. Th\u1ecbt ba ba m\u1ec1m, b\u00e9o nh\u1eb9, kh\u00f4ng dai, khi n\u1ea5u l\u00e2u v\u1eabn gi\u1eef \u0111\u01b0\u1ee3c \u0111\u1ed9 ng\u1ecdt t\u1ef1 nhi\u00ean. N\u1ed3i l\u1ea9u th\u01b0\u1eddng \u0103n k\u00e8m rau xanh, n\u1ea5m, b\u00fan ho\u1eb7c m\u00ec, ch\u1ea5m v\u1edbi n\u01b0\u1edbc m\u1eafm \u1edbt cay cay t\u1ea1o c\u1ea3m gi\u00e1c \u1ea5m b\u1ee5ng, r\u1ea5t h\u1ee3p cho nh\u1eefng bu\u1ed5i t\u1ee5 h\u1ecdp hay ng\u00e0y se l\u1ea1nh.\",\"breadcrumb\":{\"@id\":\"https:\\\/\\\/ancomnha.io.vn\\\/index.php\\\/product\\\/lau-baba\\\/#breadcrumb\"},\"inLanguage\":\"vi\",\"potentialAction\":[{\"@type\":\"ReadAction\",\"target\":[\"https:\\\/\\\/ancomnha.io.vn\\\/index.php\\\/product\\\/lau-baba\\\/\"]}]},{\"@type\":\"ImageObject\",\"inLanguage\":\"vi\",\"@id\":\"https:\\\/\\\/ancomnha.io.vn\\\/index.php\\\/product\\\/lau-baba\\\/#primaryimage\",\"url\":\"https:\\\/\\\/ancomnha.io.vn\\\/wp-content\\\/uploads\\\/2026\\\/02\\\/84d4b6c6-abea-4581-84ab-f7fb694e153f.png\",\"contentUrl\":\"https:\\\/\\\/ancomnha.io.vn\\\/wp-content\\\/uploads\\\/2026\\\/02\\\/84d4b6c6-abea-4581-84ab-f7fb694e153f.png\",\"width\":1024,\"height\":1536},{\"@type\":\"BreadcrumbList\",\"@id\":\"https:\\\/\\\/ancomnha.io.vn\\\/index.php\\\/product\\\/lau-baba\\\/#breadcrumb\",\"itemListElement\":[{\"@type\":\"ListItem\",\"position\":1,\"name\":\"Home\",\"item\":\"https:\\\/\\\/ancomnha.io.vn\\\/\"},{\"@type\":\"ListItem\",\"position\":2,\"name\":\"Shop\",\"item\":\"https:\\\/\\\/ancomnha.io.vn\\\/index.php\\\/shop\\\/\"},{\"@type\":\"ListItem\",\"position\":3,\"name\":\"L\u1ea9u baba\"}]},{\"@type\":\"WebSite\",\"@id\":\"https:\\\/\\\/ancomnha.io.vn\\\/#website\",\"url\":\"https:\\\/\\\/ancomnha.io.vn\\\/\",\"name\":\"\u0102n C\u01a1m Nh\u00e1\",\"description\":\"\",\"publisher\":{\"@id\":\"https:\\\/\\\/ancomnha.io.vn\\\/#organization\"},\"potentialAction\":[{\"@type\":\"SearchAction\",\"target\":{\"@type\":\"EntryPoint\",\"urlTemplate\":\"https:\\\/\\\/ancomnha.io.vn\\\/?s={search_term_string}\"},\"query-input\":{\"@type\":\"PropertyValueSpecification\",\"valueRequired\":true,\"valueName\":\"search_term_string\"}}],\"inLanguage\":\"vi\"},{\"@type\":\"Organization\",\"@id\":\"https:\\\/\\\/ancomnha.io.vn\\\/#organization\",\"name\":\"\u0102n C\u01a1m Nh\u00e1\",\"url\":\"https:\\\/\\\/ancomnha.io.vn\\\/\",\"logo\":{\"@type\":\"ImageObject\",\"inLanguage\":\"vi\",\"@id\":\"https:\\\/\\\/ancomnha.io.vn\\\/#\\\/schema\\\/logo\\\/image\\\/\",\"url\":\"https:\\\/\\\/ancomnha.io.vn\\\/wp-content\\\/uploads\\\/2026\\\/01\\\/cropped-logo-ancomnha-1.jpg\",\"contentUrl\":\"https:\\\/\\\/ancomnha.io.vn\\\/wp-content\\\/uploads\\\/2026\\\/01\\\/cropped-logo-ancomnha-1.jpg\",\"width\":200,\"height\":200,\"caption\":\"\u0102n C\u01a1m Nh\u00e1\"},\"image\":{\"@id\":\"https:\\\/\\\/ancomnha.io.vn\\\/#\\\/schema\\\/logo\\\/image\\\/\"}}]}<\/script>\n<!-- \/ Yoast SEO plugin. -->","yoast_head_json":{"title":"L\u1ea9u baba - \u0102n C\u01a1m Nh\u00e1","description":"L\u1ea9u ba ba l\u00e0 m\u00f3n \u0103n \u0111\u1eb7c s\u1ea3n, n\u1ed5i b\u1eadt v\u1edbi n\u01b0\u1edbc d\u00f9ng \u0111\u1eadm \u0111\u00e0, th\u01a1m m\u00f9i s\u1ea3, ngh\u1ec7 v\u00e0 gia v\u1ecb truy\u1ec1n th\u1ed1ng. Th\u1ecbt ba ba m\u1ec1m, b\u00e9o nh\u1eb9, kh\u00f4ng dai, khi n\u1ea5u l\u00e2u v\u1eabn gi\u1eef \u0111\u01b0\u1ee3c \u0111\u1ed9 ng\u1ecdt t\u1ef1 nhi\u00ean. N\u1ed3i l\u1ea9u th\u01b0\u1eddng \u0103n k\u00e8m rau xanh, n\u1ea5m, b\u00fan ho\u1eb7c m\u00ec, ch\u1ea5m v\u1edbi n\u01b0\u1edbc m\u1eafm \u1edbt cay cay t\u1ea1o c\u1ea3m gi\u00e1c \u1ea5m b\u1ee5ng, r\u1ea5t h\u1ee3p cho nh\u1eefng bu\u1ed5i t\u1ee5 h\u1ecdp hay ng\u00e0y se l\u1ea1nh.","robots":{"index":"index","follow":"follow","max-snippet":"max-snippet:-1","max-image-preview":"max-image-preview:large","max-video-preview":"max-video-preview:-1"},"canonical":"https:\/\/ancomnha.io.vn\/index.php\/product\/lau-baba\/","og_locale":"vi_VN","og_type":"article","og_title":"L\u1ea9u baba - \u0102n C\u01a1m Nh\u00e1","og_description":"L\u1ea9u ba ba l\u00e0 m\u00f3n \u0103n \u0111\u1eb7c s\u1ea3n, n\u1ed5i b\u1eadt v\u1edbi n\u01b0\u1edbc d\u00f9ng \u0111\u1eadm \u0111\u00e0, th\u01a1m m\u00f9i s\u1ea3, ngh\u1ec7 v\u00e0 gia v\u1ecb truy\u1ec1n th\u1ed1ng. Th\u1ecbt ba ba m\u1ec1m, b\u00e9o nh\u1eb9, kh\u00f4ng dai, khi n\u1ea5u l\u00e2u v\u1eabn gi\u1eef \u0111\u01b0\u1ee3c \u0111\u1ed9 ng\u1ecdt t\u1ef1 nhi\u00ean. N\u1ed3i l\u1ea9u th\u01b0\u1eddng \u0103n k\u00e8m rau xanh, n\u1ea5m, b\u00fan ho\u1eb7c m\u00ec, ch\u1ea5m v\u1edbi n\u01b0\u1edbc m\u1eafm \u1edbt cay cay t\u1ea1o c\u1ea3m gi\u00e1c \u1ea5m b\u1ee5ng, r\u1ea5t h\u1ee3p cho nh\u1eefng bu\u1ed5i t\u1ee5 h\u1ecdp hay ng\u00e0y se l\u1ea1nh.","og_url":"https:\/\/ancomnha.io.vn\/index.php\/product\/lau-baba\/","og_site_name":"\u0102n C\u01a1m Nh\u00e1","og_image":[{"width":683,"height":1024,"url":"https:\/\/ancomnha.io.vn\/wp-content\/uploads\/2026\/02\/84d4b6c6-abea-4581-84ab-f7fb694e153f-683x1024.png","type":"image\/png"}],"twitter_card":"summary_large_image","twitter_misc":{"\u01af\u1edbc t\u00ednh th\u1eddi gian \u0111\u1ecdc":"1 ph\u00fat"},"schema":{"@context":"https:\/\/schema.org","@graph":[{"@type":"WebPage","@id":"https:\/\/ancomnha.io.vn\/index.php\/product\/lau-baba\/","url":"https:\/\/ancomnha.io.vn\/index.php\/product\/lau-baba\/","name":"L\u1ea9u baba - \u0102n C\u01a1m Nh\u00e1","isPartOf":{"@id":"https:\/\/ancomnha.io.vn\/#website"},"primaryImageOfPage":{"@id":"https:\/\/ancomnha.io.vn\/index.php\/product\/lau-baba\/#primaryimage"},"image":{"@id":"https:\/\/ancomnha.io.vn\/index.php\/product\/lau-baba\/#primaryimage"},"thumbnailUrl":"https:\/\/ancomnha.io.vn\/wp-content\/uploads\/2026\/02\/84d4b6c6-abea-4581-84ab-f7fb694e153f.png","datePublished":"2026-02-07T06:57:43+00:00","description":"L\u1ea9u ba ba l\u00e0 m\u00f3n \u0103n \u0111\u1eb7c s\u1ea3n, n\u1ed5i b\u1eadt v\u1edbi n\u01b0\u1edbc d\u00f9ng \u0111\u1eadm \u0111\u00e0, th\u01a1m m\u00f9i s\u1ea3, ngh\u1ec7 v\u00e0 gia v\u1ecb truy\u1ec1n th\u1ed1ng. Th\u1ecbt ba ba m\u1ec1m, b\u00e9o nh\u1eb9, kh\u00f4ng dai, khi n\u1ea5u l\u00e2u v\u1eabn gi\u1eef \u0111\u01b0\u1ee3c \u0111\u1ed9 ng\u1ecdt t\u1ef1 nhi\u00ean. N\u1ed3i l\u1ea9u th\u01b0\u1eddng \u0103n k\u00e8m rau xanh, n\u1ea5m, b\u00fan ho\u1eb7c m\u00ec, ch\u1ea5m v\u1edbi n\u01b0\u1edbc m\u1eafm \u1edbt cay cay t\u1ea1o c\u1ea3m gi\u00e1c \u1ea5m b\u1ee5ng, r\u1ea5t h\u1ee3p cho nh\u1eefng bu\u1ed5i t\u1ee5 h\u1ecdp hay ng\u00e0y se l\u1ea1nh.","breadcrumb":{"@id":"https:\/\/ancomnha.io.vn\/index.php\/product\/lau-baba\/#breadcrumb"},"inLanguage":"vi","potentialAction":[{"@type":"ReadAction","target":["https:\/\/ancomnha.io.vn\/index.php\/product\/lau-baba\/"]}]},{"@type":"ImageObject","inLanguage":"vi","@id":"https:\/\/ancomnha.io.vn\/index.php\/product\/lau-baba\/#primaryimage","url":"https:\/\/ancomnha.io.vn\/wp-content\/uploads\/2026\/02\/84d4b6c6-abea-4581-84ab-f7fb694e153f.png","contentUrl":"https:\/\/ancomnha.io.vn\/wp-content\/uploads\/2026\/02\/84d4b6c6-abea-4581-84ab-f7fb694e153f.png","width":1024,"height":1536},{"@type":"BreadcrumbList","@id":"https:\/\/ancomnha.io.vn\/index.php\/product\/lau-baba\/#breadcrumb","itemListElement":[{"@type":"ListItem","position":1,"name":"Home","item":"https:\/\/ancomnha.io.vn\/"},{"@type":"ListItem","position":2,"name":"Shop","item":"https:\/\/ancomnha.io.vn\/index.php\/shop\/"},{"@type":"ListItem","position":3,"name":"L\u1ea9u baba"}]},{"@type":"WebSite","@id":"https:\/\/ancomnha.io.vn\/#website","url":"https:\/\/ancomnha.io.vn\/","name":"\u0102n C\u01a1m Nh\u00e1","description":"","publisher":{"@id":"https:\/\/ancomnha.io.vn\/#organization"},"potentialAction":[{"@type":"SearchAction","target":{"@type":"EntryPoint","urlTemplate":"https:\/\/ancomnha.io.vn\/?s={search_term_string}"},"query-input":{"@type":"PropertyValueSpecification","valueRequired":true,"valueName":"search_term_string"}}],"inLanguage":"vi"},{"@type":"Organization","@id":"https:\/\/ancomnha.io.vn\/#organization","name":"\u0102n C\u01a1m Nh\u00e1","url":"https:\/\/ancomnha.io.vn\/","logo":{"@type":"ImageObject","inLanguage":"vi","@id":"https:\/\/ancomnha.io.vn\/#\/schema\/logo\/image\/","url":"https:\/\/ancomnha.io.vn\/wp-content\/uploads\/2026\/01\/cropped-logo-ancomnha-1.jpg","contentUrl":"https:\/\/ancomnha.io.vn\/wp-content\/uploads\/2026\/01\/cropped-logo-ancomnha-1.jpg","width":200,"height":200,"caption":"\u0102n C\u01a1m Nh\u00e1"},"image":{"@id":"https:\/\/ancomnha.io.vn\/#\/schema\/logo\/image\/"}}]}},"jetpack_sharing_enabled":true,"_links":{"self":[{"href":"https:\/\/ancomnha.io.vn\/index.php\/wp-json\/wp\/v2\/product\/210","targetHints":{"allow":["GET"]}}],"collection":[{"href":"https:\/\/ancomnha.io.vn\/index.php\/wp-json\/wp\/v2\/product"}],"about":[{"href":"https:\/\/ancomnha.io.vn\/index.php\/wp-json\/wp\/v2\/types\/product"}],"replies":[{"embeddable":true,"href":"https:\/\/ancomnha.io.vn\/index.php\/wp-json\/wp\/v2\/comments?post=210"}],"wp:featuredmedia":[{"embeddable":true,"href":"https:\/\/ancomnha.io.vn\/index.php\/wp-json\/wp\/v2\/media\/211"}],"wp:attachment":[{"href":"https:\/\/ancomnha.io.vn\/index.php\/wp-json\/wp\/v2\/media?parent=210"}],"wp:term":[{"taxonomy":"product_brand","embeddable":true,"href":"https:\/\/ancomnha.io.vn\/index.php\/wp-json\/wp\/v2\/product_brand?post=210"},{"taxonomy":"product_cat","embeddable":true,"href":"https:\/\/ancomnha.io.vn\/index.php\/wp-json\/wp\/v2\/product_cat?post=210"},{"taxonomy":"product_tag","embeddable":true,"href":"https:\/\/ancomnha.io.vn\/index.php\/wp-json\/wp\/v2\/product_tag?post=210"}],"curies":[{"name":"wp","href":"https:\/\/api.w.org\/{rel}","templated":true}]}}