{"id":187,"date":"2026-02-04T03:36:51","date_gmt":"2026-02-04T03:36:51","guid":{"rendered":"https:\/\/ancomnha.io.vn\/?post_type=product&#038;p=187"},"modified":"2026-02-25T16:19:40","modified_gmt":"2026-02-25T16:19:40","slug":"com-chien-ga-hap","status":"publish","type":"product","link":"https:\/\/ancomnha.io.vn\/index.php\/product\/com-chien-ga-hap\/","title":{"rendered":"C\u01a1m chi\u00ean g\u00e0 h\u1ea5p"},"content":{"rendered":"<div class=\"flex flex-col text-sm pb-25\">\n<article class=\"text-token-text-primary w-full focus:outline-none [--shadow-height:45px] has-data-writing-block:pointer-events-none has-data-writing-block:-mt-(--shadow-height) has-data-writing-block:pt-(--shadow-height) [&amp;:has([data-writing-block])&gt;*]:pointer-events-auto scroll-mt-[calc(var(--header-height)+min(200px,max(70px,20svh)))]\" dir=\"auto\" tabindex=\"-1\" data-turn-id=\"request-WEB:b01e450a-e03f-4813-a457-f33565c080a6-12\" data-testid=\"conversation-turn-26\" data-scroll-anchor=\"true\" data-turn=\"assistant\">\n<div class=\"text-base my-auto mx-auto pb-10 [--thread-content-margin:--spacing(4)] @w-sm\/main:[--thread-content-margin:--spacing(6)] @w-lg\/main:[--thread-content-margin:--spacing(16)] px-(--thread-content-margin)\">\n<div class=\"[--thread-content-max-width:40rem] @w-lg\/main:[--thread-content-max-width:48rem] mx-auto max-w-(--thread-content-max-width) flex-1 group\/turn-messages focus-visible:outline-hidden relative flex w-full min-w-0 flex-col agent-turn\" tabindex=\"-1\">\n<div class=\"flex max-w-full flex-col grow\">\n<div class=\"min-h-8 text-message relative flex w-full flex-col items-end gap-2 text-start break-words whitespace-normal [.text-message+&amp;]:mt-1\" dir=\"auto\" data-message-author-role=\"assistant\" data-message-id=\"6595e7df-3351-4a9f-8acf-3283195cbb79\" data-message-model-slug=\"gpt-5-2\">\n<div class=\"flex w-full flex-col gap-1 empty:hidden first:pt-[1px]\">\n<div class=\"markdown prose dark:prose-invert w-full wrap-break-word dark markdown-new-styling\">\n<p data-start=\"0\" data-end=\"224\" data-is-last-node=\"\" data-is-only-node=\"\">C\u01a1m chi\u00ean g\u00e0 c\u00f3 h\u1ea1t c\u01a1m v\u00e0ng t\u01a1i, th\u01a1m m\u00f9i tr\u1ee9ng v\u00e0 t\u1ecfi phi. Th\u1ecbt g\u00e0 chi\u00ean m\u1ec1m ng\u1ecdt, th\u1ea5m gia v\u1ecb, k\u1ebft h\u1ee3p c\u00f9ng rau c\u1ee7 gi\u00f2n ng\u1ecdt t\u1ea1o v\u1ecb h\u00e0i h\u00f2a. M\u00f3n \u0103n b\u00e9o nh\u1eb9, \u0111\u1eadm \u0111\u00e0, \u0103n k\u00e8m d\u01b0a leo, c\u00e0 chua v\u00e0 ch\u00fat chanh r\u1ea5t ngon v\u00e0 d\u1ec5 \u0103n.<\/p>\n<\/div>\n<\/div>\n<\/div>\n<\/div>\n<div class=\"z-0 flex min-h-[46px] justify-start\"><\/div>\n<div class=\"mt-3 w-full empty:hidden\">\n<div class=\"text-center\"><\/div>\n<\/div>\n<\/div>\n<\/div>\n<\/article>\n<\/div>\n<div class=\"pointer-events-none h-px w-px absolute bottom-0\" aria-hidden=\"true\" data-edge=\"true\"><\/div>\n","protected":false},"excerpt":{"rendered":"<div class=\"flex flex-col text-sm pb-25\">\n<article class=\"text-token-text-primary w-full focus:outline-none [--shadow-height:45px] has-data-writing-block:pointer-events-none has-data-writing-block:-mt-(--shadow-height) has-data-writing-block:pt-(--shadow-height) [&amp;:has([data-writing-block])&gt;*]:pointer-events-auto scroll-mt-[calc(var(--header-height)+min(200px,max(70px,20svh)))]\" dir=\"auto\" tabindex=\"-1\" data-turn-id=\"request-WEB:b01e450a-e03f-4813-a457-f33565c080a6-12\" data-testid=\"conversation-turn-26\" data-scroll-anchor=\"true\" data-turn=\"assistant\">\n<div class=\"text-base my-auto mx-auto pb-10 [--thread-content-margin:--spacing(4)] @w-sm\/main:[--thread-content-margin:--spacing(6)] @w-lg\/main:[--thread-content-margin:--spacing(16)] px-(--thread-content-margin)\">\n<div class=\"[--thread-content-max-width:40rem] @w-lg\/main:[--thread-content-max-width:48rem] mx-auto max-w-(--thread-content-max-width) flex-1 group\/turn-messages focus-visible:outline-hidden relative flex w-full min-w-0 flex-col agent-turn\" tabindex=\"-1\">\n<div class=\"flex max-w-full flex-col grow\">\n<div class=\"min-h-8 text-message relative flex w-full flex-col items-end gap-2 text-start break-words whitespace-normal [.text-message+&amp;]:mt-1\" dir=\"auto\" data-message-author-role=\"assistant\" data-message-id=\"6595e7df-3351-4a9f-8acf-3283195cbb79\" data-message-model-slug=\"gpt-5-2\">\n<div class=\"flex w-full flex-col gap-1 empty:hidden first:pt-[1px]\">\n<div class=\"markdown prose dark:prose-invert w-full wrap-break-word dark markdown-new-styling\">\n<p data-start=\"0\" data-end=\"224\" data-is-last-node=\"\" data-is-only-node=\"\">C\u01a1m chi\u00ean g\u00e0 c\u00f3 h\u1ea1t c\u01a1m v\u00e0ng t\u01a1i, th\u01a1m m\u00f9i tr\u1ee9ng v\u00e0 t\u1ecfi phi. Th\u1ecbt g\u00e0 chi\u00ean m\u1ec1m ng\u1ecdt, th\u1ea5m gia v\u1ecb, k\u1ebft h\u1ee3p c\u00f9ng rau c\u1ee7 gi\u00f2n ng\u1ecdt t\u1ea1o v\u1ecb h\u00e0i h\u00f2a. M\u00f3n \u0103n b\u00e9o nh\u1eb9, \u0111\u1eadm \u0111\u00e0, \u0103n k\u00e8m d\u01b0a leo, c\u00e0 chua v\u00e0 ch\u00fat chanh r\u1ea5t ngon v\u00e0 d\u1ec5 \u0103n.<\/p>\n<\/div>\n<\/div>\n<\/div>\n<\/div>\n<div class=\"z-0 flex min-h-[46px] justify-start\"><\/div>\n<div class=\"mt-3 w-full empty:hidden\">\n<div class=\"text-center\"><\/div>\n<\/div>\n<\/div>\n<\/div>\n<\/article>\n<\/div>\n<div class=\"pointer-events-none h-px w-px absolute bottom-0\" aria-hidden=\"true\" data-edge=\"true\"><\/div>\n","protected":false},"featured_media":188,"comment_status":"open","ping_status":"closed","template":"","meta":{"_regular_price":["100000"],"currency_symbol":[]},"product_brand":[],"product_cat":[17],"product_tag":[],"class_list":{"0":"post-187","1":"product","2":"type-product","3":"status-publish","4":"has-post-thumbnail","6":"product_cat-uncategorized","8":"first","9":"instock","10":"sale","11":"taxable","12":"shipping-taxable","13":"purchasable","14":"product-type-simple"},"post_slider_layout_featured_media_urls":{"thumbnail":["https:\/\/ancomnha.io.vn\/wp-content\/uploads\/2026\/02\/bb8a94c1-40ad-445d-a9bf-4a9ec8b68212-150x150.png",150,150,true],"post_slider_layout_landscape_large":["https:\/\/ancomnha.io.vn\/wp-content\/uploads\/2026\/02\/bb8a94c1-40ad-445d-a9bf-4a9ec8b68212-1024x800.png",1024,800,true],"post_slider_layout_portrait_large":["https:\/\/ancomnha.io.vn\/wp-content\/uploads\/2026\/02\/bb8a94c1-40ad-445d-a9bf-4a9ec8b68212.png",1024,1024,false],"post_slider_layout_square_large":["https:\/\/ancomnha.io.vn\/wp-content\/uploads\/2026\/02\/bb8a94c1-40ad-445d-a9bf-4a9ec8b68212.png",1024,1024,false],"post_slider_layout_landscape":["https:\/\/ancomnha.io.vn\/wp-content\/uploads\/2026\/02\/bb8a94c1-40ad-445d-a9bf-4a9ec8b68212-600x400.png",600,400,true],"post_slider_layout_portrait":["https:\/\/ancomnha.io.vn\/wp-content\/uploads\/2026\/02\/bb8a94c1-40ad-445d-a9bf-4a9ec8b68212-600x900.png",600,900,true],"post_slider_layout_square":["https:\/\/ancomnha.io.vn\/wp-content\/uploads\/2026\/02\/bb8a94c1-40ad-445d-a9bf-4a9ec8b68212-600x600.png",600,600,true],"full":["https:\/\/ancomnha.io.vn\/wp-content\/uploads\/2026\/02\/bb8a94c1-40ad-445d-a9bf-4a9ec8b68212.png",1024,1024,false]},"yoast_head":"<!-- This site is optimized with the Yoast SEO plugin v27.5 - https:\/\/yoast.com\/product\/yoast-seo-wordpress\/ -->\n<title>C\u01a1m chi\u00ean g\u00e0 h\u1ea5p - \u0102n C\u01a1m Nh\u00e1<\/title>\n<meta name=\"description\" content=\"C\u01a1m chi\u00ean g\u00e0 c\u00f3 h\u1ea1t c\u01a1m v\u00e0ng t\u01a1i, th\u01a1m m\u00f9i tr\u1ee9ng v\u00e0 t\u1ecfi phi. Th\u1ecbt g\u00e0 chi\u00ean m\u1ec1m ng\u1ecdt, th\u1ea5m gia v\u1ecb, k\u1ebft h\u1ee3p c\u00f9ng rau c\u1ee7 gi\u00f2n ng\u1ecdt t\u1ea1o v\u1ecb h\u00e0i h\u00f2a. M\u00f3n \u0103n b\u00e9o..\" \/>\n<meta name=\"robots\" content=\"index, follow, max-snippet:-1, max-image-preview:large, max-video-preview:-1\" \/>\n<link rel=\"canonical\" href=\"https:\/\/ancomnha.io.vn\/index.php\/product\/com-chien-ga-hap\/\" \/>\n<meta property=\"og:locale\" content=\"vi_VN\" \/>\n<meta property=\"og:type\" content=\"article\" \/>\n<meta property=\"og:title\" content=\"C\u01a1m chi\u00ean g\u00e0 h\u1ea5p - \u0102n C\u01a1m Nh\u00e1\" \/>\n<meta property=\"og:description\" content=\"C\u01a1m chi\u00ean g\u00e0 c\u00f3 h\u1ea1t c\u01a1m v\u00e0ng t\u01a1i, th\u01a1m m\u00f9i tr\u1ee9ng v\u00e0 t\u1ecfi phi. Th\u1ecbt g\u00e0 chi\u00ean m\u1ec1m ng\u1ecdt, th\u1ea5m gia v\u1ecb, k\u1ebft h\u1ee3p c\u00f9ng rau c\u1ee7 gi\u00f2n ng\u1ecdt t\u1ea1o v\u1ecb h\u00e0i h\u00f2a. M\u00f3n \u0103n b\u00e9o..\" \/>\n<meta property=\"og:url\" content=\"https:\/\/ancomnha.io.vn\/index.php\/product\/com-chien-ga-hap\/\" \/>\n<meta property=\"og:site_name\" content=\"\u0102n C\u01a1m Nh\u00e1\" \/>\n<meta property=\"article:modified_time\" content=\"2026-02-25T16:19:40+00:00\" \/>\n<meta property=\"og:image\" content=\"https:\/\/ancomnha.io.vn\/wp-content\/uploads\/2026\/02\/bb8a94c1-40ad-445d-a9bf-4a9ec8b68212.png\" \/>\n\t<meta property=\"og:image:width\" content=\"1024\" \/>\n\t<meta property=\"og:image:height\" content=\"1024\" \/>\n\t<meta property=\"og:image:type\" content=\"image\/png\" \/>\n<meta name=\"twitter:card\" content=\"summary_large_image\" \/>\n<meta name=\"twitter:label1\" content=\"\u01af\u1edbc t\u00ednh th\u1eddi gian \u0111\u1ecdc\" \/>\n\t<meta name=\"twitter:data1\" content=\"1 ph\u00fat\" \/>\n<script type=\"application\/ld+json\" class=\"yoast-schema-graph\">{\"@context\":\"https:\\\/\\\/schema.org\",\"@graph\":[{\"@type\":\"WebPage\",\"@id\":\"https:\\\/\\\/ancomnha.io.vn\\\/index.php\\\/product\\\/com-chien-ga-hap\\\/\",\"url\":\"https:\\\/\\\/ancomnha.io.vn\\\/index.php\\\/product\\\/com-chien-ga-hap\\\/\",\"name\":\"C\u01a1m chi\u00ean g\u00e0 h\u1ea5p - \u0102n C\u01a1m Nh\u00e1\",\"isPartOf\":{\"@id\":\"https:\\\/\\\/ancomnha.io.vn\\\/#website\"},\"primaryImageOfPage\":{\"@id\":\"https:\\\/\\\/ancomnha.io.vn\\\/index.php\\\/product\\\/com-chien-ga-hap\\\/#primaryimage\"},\"image\":{\"@id\":\"https:\\\/\\\/ancomnha.io.vn\\\/index.php\\\/product\\\/com-chien-ga-hap\\\/#primaryimage\"},\"thumbnailUrl\":\"https:\\\/\\\/ancomnha.io.vn\\\/wp-content\\\/uploads\\\/2026\\\/02\\\/bb8a94c1-40ad-445d-a9bf-4a9ec8b68212.png\",\"datePublished\":\"2026-02-04T03:36:51+00:00\",\"dateModified\":\"2026-02-25T16:19:40+00:00\",\"description\":\"C\u01a1m chi\u00ean g\u00e0 c\u00f3 h\u1ea1t c\u01a1m v\u00e0ng t\u01a1i, th\u01a1m m\u00f9i tr\u1ee9ng v\u00e0 t\u1ecfi phi. Th\u1ecbt g\u00e0 chi\u00ean m\u1ec1m ng\u1ecdt, th\u1ea5m gia v\u1ecb, k\u1ebft h\u1ee3p c\u00f9ng rau c\u1ee7 gi\u00f2n ng\u1ecdt t\u1ea1o v\u1ecb h\u00e0i h\u00f2a. M\u00f3n \u0103n b\u00e9o..\",\"breadcrumb\":{\"@id\":\"https:\\\/\\\/ancomnha.io.vn\\\/index.php\\\/product\\\/com-chien-ga-hap\\\/#breadcrumb\"},\"inLanguage\":\"vi\",\"potentialAction\":[{\"@type\":\"ReadAction\",\"target\":[\"https:\\\/\\\/ancomnha.io.vn\\\/index.php\\\/product\\\/com-chien-ga-hap\\\/\"]}]},{\"@type\":\"ImageObject\",\"inLanguage\":\"vi\",\"@id\":\"https:\\\/\\\/ancomnha.io.vn\\\/index.php\\\/product\\\/com-chien-ga-hap\\\/#primaryimage\",\"url\":\"https:\\\/\\\/ancomnha.io.vn\\\/wp-content\\\/uploads\\\/2026\\\/02\\\/bb8a94c1-40ad-445d-a9bf-4a9ec8b68212.png\",\"contentUrl\":\"https:\\\/\\\/ancomnha.io.vn\\\/wp-content\\\/uploads\\\/2026\\\/02\\\/bb8a94c1-40ad-445d-a9bf-4a9ec8b68212.png\",\"width\":1024,\"height\":1024},{\"@type\":\"BreadcrumbList\",\"@id\":\"https:\\\/\\\/ancomnha.io.vn\\\/index.php\\\/product\\\/com-chien-ga-hap\\\/#breadcrumb\",\"itemListElement\":[{\"@type\":\"ListItem\",\"position\":1,\"name\":\"Home\",\"item\":\"https:\\\/\\\/ancomnha.io.vn\\\/\"},{\"@type\":\"ListItem\",\"position\":2,\"name\":\"Shop\",\"item\":\"https:\\\/\\\/ancomnha.io.vn\\\/index.php\\\/shop\\\/\"},{\"@type\":\"ListItem\",\"position\":3,\"name\":\"C\u01a1m chi\u00ean g\u00e0 h\u1ea5p\"}]},{\"@type\":\"WebSite\",\"@id\":\"https:\\\/\\\/ancomnha.io.vn\\\/#website\",\"url\":\"https:\\\/\\\/ancomnha.io.vn\\\/\",\"name\":\"\u0102n C\u01a1m Nh\u00e1\",\"description\":\"\",\"publisher\":{\"@id\":\"https:\\\/\\\/ancomnha.io.vn\\\/#organization\"},\"potentialAction\":[{\"@type\":\"SearchAction\",\"target\":{\"@type\":\"EntryPoint\",\"urlTemplate\":\"https:\\\/\\\/ancomnha.io.vn\\\/?s={search_term_string}\"},\"query-input\":{\"@type\":\"PropertyValueSpecification\",\"valueRequired\":true,\"valueName\":\"search_term_string\"}}],\"inLanguage\":\"vi\"},{\"@type\":\"Organization\",\"@id\":\"https:\\\/\\\/ancomnha.io.vn\\\/#organization\",\"name\":\"\u0102n C\u01a1m Nh\u00e1\",\"url\":\"https:\\\/\\\/ancomnha.io.vn\\\/\",\"logo\":{\"@type\":\"ImageObject\",\"inLanguage\":\"vi\",\"@id\":\"https:\\\/\\\/ancomnha.io.vn\\\/#\\\/schema\\\/logo\\\/image\\\/\",\"url\":\"https:\\\/\\\/ancomnha.io.vn\\\/wp-content\\\/uploads\\\/2026\\\/01\\\/cropped-logo-ancomnha-1.jpg\",\"contentUrl\":\"https:\\\/\\\/ancomnha.io.vn\\\/wp-content\\\/uploads\\\/2026\\\/01\\\/cropped-logo-ancomnha-1.jpg\",\"width\":200,\"height\":200,\"caption\":\"\u0102n C\u01a1m Nh\u00e1\"},\"image\":{\"@id\":\"https:\\\/\\\/ancomnha.io.vn\\\/#\\\/schema\\\/logo\\\/image\\\/\"}}]}<\/script>\n<!-- \/ Yoast SEO plugin. -->","yoast_head_json":{"title":"C\u01a1m chi\u00ean g\u00e0 h\u1ea5p - \u0102n C\u01a1m Nh\u00e1","description":"C\u01a1m chi\u00ean g\u00e0 c\u00f3 h\u1ea1t c\u01a1m v\u00e0ng t\u01a1i, th\u01a1m m\u00f9i tr\u1ee9ng v\u00e0 t\u1ecfi phi. Th\u1ecbt g\u00e0 chi\u00ean m\u1ec1m ng\u1ecdt, th\u1ea5m gia v\u1ecb, k\u1ebft h\u1ee3p c\u00f9ng rau c\u1ee7 gi\u00f2n ng\u1ecdt t\u1ea1o v\u1ecb h\u00e0i h\u00f2a. M\u00f3n \u0103n b\u00e9o..","robots":{"index":"index","follow":"follow","max-snippet":"max-snippet:-1","max-image-preview":"max-image-preview:large","max-video-preview":"max-video-preview:-1"},"canonical":"https:\/\/ancomnha.io.vn\/index.php\/product\/com-chien-ga-hap\/","og_locale":"vi_VN","og_type":"article","og_title":"C\u01a1m chi\u00ean g\u00e0 h\u1ea5p - \u0102n C\u01a1m Nh\u00e1","og_description":"C\u01a1m chi\u00ean g\u00e0 c\u00f3 h\u1ea1t c\u01a1m v\u00e0ng t\u01a1i, th\u01a1m m\u00f9i tr\u1ee9ng v\u00e0 t\u1ecfi phi. Th\u1ecbt g\u00e0 chi\u00ean m\u1ec1m ng\u1ecdt, th\u1ea5m gia v\u1ecb, k\u1ebft h\u1ee3p c\u00f9ng rau c\u1ee7 gi\u00f2n ng\u1ecdt t\u1ea1o v\u1ecb h\u00e0i h\u00f2a. M\u00f3n \u0103n b\u00e9o..","og_url":"https:\/\/ancomnha.io.vn\/index.php\/product\/com-chien-ga-hap\/","og_site_name":"\u0102n C\u01a1m Nh\u00e1","article_modified_time":"2026-02-25T16:19:40+00:00","og_image":[{"width":1024,"height":1024,"url":"https:\/\/ancomnha.io.vn\/wp-content\/uploads\/2026\/02\/bb8a94c1-40ad-445d-a9bf-4a9ec8b68212.png","type":"image\/png"}],"twitter_card":"summary_large_image","twitter_misc":{"\u01af\u1edbc t\u00ednh th\u1eddi gian \u0111\u1ecdc":"1 ph\u00fat"},"schema":{"@context":"https:\/\/schema.org","@graph":[{"@type":"WebPage","@id":"https:\/\/ancomnha.io.vn\/index.php\/product\/com-chien-ga-hap\/","url":"https:\/\/ancomnha.io.vn\/index.php\/product\/com-chien-ga-hap\/","name":"C\u01a1m chi\u00ean g\u00e0 h\u1ea5p - \u0102n C\u01a1m Nh\u00e1","isPartOf":{"@id":"https:\/\/ancomnha.io.vn\/#website"},"primaryImageOfPage":{"@id":"https:\/\/ancomnha.io.vn\/index.php\/product\/com-chien-ga-hap\/#primaryimage"},"image":{"@id":"https:\/\/ancomnha.io.vn\/index.php\/product\/com-chien-ga-hap\/#primaryimage"},"thumbnailUrl":"https:\/\/ancomnha.io.vn\/wp-content\/uploads\/2026\/02\/bb8a94c1-40ad-445d-a9bf-4a9ec8b68212.png","datePublished":"2026-02-04T03:36:51+00:00","dateModified":"2026-02-25T16:19:40+00:00","description":"C\u01a1m chi\u00ean g\u00e0 c\u00f3 h\u1ea1t c\u01a1m v\u00e0ng t\u01a1i, th\u01a1m m\u00f9i tr\u1ee9ng v\u00e0 t\u1ecfi phi. Th\u1ecbt g\u00e0 chi\u00ean m\u1ec1m ng\u1ecdt, th\u1ea5m gia v\u1ecb, k\u1ebft h\u1ee3p c\u00f9ng rau c\u1ee7 gi\u00f2n ng\u1ecdt t\u1ea1o v\u1ecb h\u00e0i h\u00f2a. M\u00f3n \u0103n b\u00e9o..","breadcrumb":{"@id":"https:\/\/ancomnha.io.vn\/index.php\/product\/com-chien-ga-hap\/#breadcrumb"},"inLanguage":"vi","potentialAction":[{"@type":"ReadAction","target":["https:\/\/ancomnha.io.vn\/index.php\/product\/com-chien-ga-hap\/"]}]},{"@type":"ImageObject","inLanguage":"vi","@id":"https:\/\/ancomnha.io.vn\/index.php\/product\/com-chien-ga-hap\/#primaryimage","url":"https:\/\/ancomnha.io.vn\/wp-content\/uploads\/2026\/02\/bb8a94c1-40ad-445d-a9bf-4a9ec8b68212.png","contentUrl":"https:\/\/ancomnha.io.vn\/wp-content\/uploads\/2026\/02\/bb8a94c1-40ad-445d-a9bf-4a9ec8b68212.png","width":1024,"height":1024},{"@type":"BreadcrumbList","@id":"https:\/\/ancomnha.io.vn\/index.php\/product\/com-chien-ga-hap\/#breadcrumb","itemListElement":[{"@type":"ListItem","position":1,"name":"Home","item":"https:\/\/ancomnha.io.vn\/"},{"@type":"ListItem","position":2,"name":"Shop","item":"https:\/\/ancomnha.io.vn\/index.php\/shop\/"},{"@type":"ListItem","position":3,"name":"C\u01a1m chi\u00ean g\u00e0 h\u1ea5p"}]},{"@type":"WebSite","@id":"https:\/\/ancomnha.io.vn\/#website","url":"https:\/\/ancomnha.io.vn\/","name":"\u0102n C\u01a1m Nh\u00e1","description":"","publisher":{"@id":"https:\/\/ancomnha.io.vn\/#organization"},"potentialAction":[{"@type":"SearchAction","target":{"@type":"EntryPoint","urlTemplate":"https:\/\/ancomnha.io.vn\/?s={search_term_string}"},"query-input":{"@type":"PropertyValueSpecification","valueRequired":true,"valueName":"search_term_string"}}],"inLanguage":"vi"},{"@type":"Organization","@id":"https:\/\/ancomnha.io.vn\/#organization","name":"\u0102n C\u01a1m Nh\u00e1","url":"https:\/\/ancomnha.io.vn\/","logo":{"@type":"ImageObject","inLanguage":"vi","@id":"https:\/\/ancomnha.io.vn\/#\/schema\/logo\/image\/","url":"https:\/\/ancomnha.io.vn\/wp-content\/uploads\/2026\/01\/cropped-logo-ancomnha-1.jpg","contentUrl":"https:\/\/ancomnha.io.vn\/wp-content\/uploads\/2026\/01\/cropped-logo-ancomnha-1.jpg","width":200,"height":200,"caption":"\u0102n C\u01a1m Nh\u00e1"},"image":{"@id":"https:\/\/ancomnha.io.vn\/#\/schema\/logo\/image\/"}}]}},"jetpack_sharing_enabled":true,"_links":{"self":[{"href":"https:\/\/ancomnha.io.vn\/index.php\/wp-json\/wp\/v2\/product\/187","targetHints":{"allow":["GET"]}}],"collection":[{"href":"https:\/\/ancomnha.io.vn\/index.php\/wp-json\/wp\/v2\/product"}],"about":[{"href":"https:\/\/ancomnha.io.vn\/index.php\/wp-json\/wp\/v2\/types\/product"}],"replies":[{"embeddable":true,"href":"https:\/\/ancomnha.io.vn\/index.php\/wp-json\/wp\/v2\/comments?post=187"}],"wp:featuredmedia":[{"embeddable":true,"href":"https:\/\/ancomnha.io.vn\/index.php\/wp-json\/wp\/v2\/media\/188"}],"wp:attachment":[{"href":"https:\/\/ancomnha.io.vn\/index.php\/wp-json\/wp\/v2\/media?parent=187"}],"wp:term":[{"taxonomy":"product_brand","embeddable":true,"href":"https:\/\/ancomnha.io.vn\/index.php\/wp-json\/wp\/v2\/product_brand?post=187"},{"taxonomy":"product_cat","embeddable":true,"href":"https:\/\/ancomnha.io.vn\/index.php\/wp-json\/wp\/v2\/product_cat?post=187"},{"taxonomy":"product_tag","embeddable":true,"href":"https:\/\/ancomnha.io.vn\/index.php\/wp-json\/wp\/v2\/product_tag?post=187"}],"curies":[{"name":"wp","href":"https:\/\/api.w.org\/{rel}","templated":true}]}}