{"id":162,"date":"2026-02-03T14:54:53","date_gmt":"2026-02-03T14:54:53","guid":{"rendered":"https:\/\/ancomnha.io.vn\/?post_type=product&#038;p=162"},"modified":"2026-02-03T14:54:53","modified_gmt":"2026-02-03T14:54:53","slug":"ca-kho-to","status":"publish","type":"product","link":"https:\/\/ancomnha.io.vn\/index.php\/product\/ca-kho-to\/","title":{"rendered":"C\u00e1 kho t\u1ed9"},"content":{"rendered":"<p>C\u00e1 kho t\u1ed9 l\u00e0 m\u00f3n \u0103n truy\u1ec1n th\u1ed1ng v\u1edbi c\u00e1 \u0111\u01b0\u1ee3c kho trong n\u1ed3i \u0111\u1ea5t, th\u1ea5m \u0111\u1ec1u n\u01b0\u1edbc kho s\u00e1nh \u0111\u1eadm. Th\u1ecbt c\u00e1 m\u1ec1m, ch\u1eafc, v\u1ecb m\u1eb7n ng\u1ecdt h\u00e0i h\u00f2a quy\u1ec7n v\u1edbi m\u00f9i ti\u00eau, \u1edbt v\u00e0 n\u01b0\u1edbc m\u00e0u th\u01a1m \u0111\u1eb7c tr\u01b0ng. M\u00f3n n\u00e0y \u0103n c\u00f9ng c\u01a1m tr\u1eafng n\u00f3ng r\u1ea5t \u0111\u01b0a c\u01a1m v\u00e0 quen thu\u1ed9c trong b\u1eefa \u0103n gia \u0111\u00ecnh Vi\u1ec7t.<\/p>\n","protected":false},"excerpt":{"rendered":"<p>C\u00e1 kho t\u1ed9 l\u00e0 m\u00f3n \u0103n truy\u1ec1n th\u1ed1ng v\u1edbi c\u00e1 \u0111\u01b0\u1ee3c kho trong n\u1ed3i \u0111\u1ea5t, th\u1ea5m \u0111\u1ec1u n\u01b0\u1edbc kho s\u00e1nh \u0111\u1eadm. Th\u1ecbt c\u00e1 m\u1ec1m, ch\u1eafc, v\u1ecb m\u1eb7n ng\u1ecdt h\u00e0i h\u00f2a quy\u1ec7n v\u1edbi m\u00f9i ti\u00eau, \u1edbt v\u00e0 n\u01b0\u1edbc m\u00e0u th\u01a1m \u0111\u1eb7c tr\u01b0ng. M\u00f3n n\u00e0y \u0103n c\u00f9ng c\u01a1m tr\u1eafng n\u00f3ng r\u1ea5t \u0111\u01b0a c\u01a1m v\u00e0 quen thu\u1ed9c trong b\u1eefa \u0103n gia \u0111\u00ecnh Vi\u1ec7t.<\/p>\n","protected":false},"featured_media":163,"comment_status":"open","ping_status":"closed","template":"","meta":{"_regular_price":["200000"],"currency_symbol":[]},"product_brand":[],"product_cat":[17],"product_tag":[],"class_list":{"0":"post-162","1":"product","2":"type-product","3":"status-publish","4":"has-post-thumbnail","6":"product_cat-uncategorized","8":"first","9":"instock","10":"sale","11":"taxable","12":"shipping-taxable","13":"purchasable","14":"product-type-simple"},"post_slider_layout_featured_media_urls":{"thumbnail":["https:\/\/ancomnha.io.vn\/wp-content\/uploads\/2026\/02\/z7463191246495_12af3f2fe0b2c94e8d1a8d9303dafde2-150x128.jpg",150,128,true],"post_slider_layout_landscape_large":["https:\/\/ancomnha.io.vn\/wp-content\/uploads\/2026\/02\/z7463191246495_12af3f2fe0b2c94e8d1a8d9303dafde2.jpg",191,128,false],"post_slider_layout_portrait_large":["https:\/\/ancomnha.io.vn\/wp-content\/uploads\/2026\/02\/z7463191246495_12af3f2fe0b2c94e8d1a8d9303dafde2.jpg",191,128,false],"post_slider_layout_square_large":["https:\/\/ancomnha.io.vn\/wp-content\/uploads\/2026\/02\/z7463191246495_12af3f2fe0b2c94e8d1a8d9303dafde2.jpg",191,128,false],"post_slider_layout_landscape":["https:\/\/ancomnha.io.vn\/wp-content\/uploads\/2026\/02\/z7463191246495_12af3f2fe0b2c94e8d1a8d9303dafde2.jpg",191,128,false],"post_slider_layout_portrait":["https:\/\/ancomnha.io.vn\/wp-content\/uploads\/2026\/02\/z7463191246495_12af3f2fe0b2c94e8d1a8d9303dafde2.jpg",191,128,false],"post_slider_layout_square":["https:\/\/ancomnha.io.vn\/wp-content\/uploads\/2026\/02\/z7463191246495_12af3f2fe0b2c94e8d1a8d9303dafde2.jpg",191,128,false],"full":["https:\/\/ancomnha.io.vn\/wp-content\/uploads\/2026\/02\/z7463191246495_12af3f2fe0b2c94e8d1a8d9303dafde2.jpg",191,128,false]},"yoast_head":"<!-- This site is optimized with the Yoast SEO plugin v27.6 - https:\/\/yoast.com\/product\/yoast-seo-wordpress\/ -->\n<title>C\u00e1 kho t\u1ed9 - \u0102n C\u01a1m Nh\u00e1<\/title>\n<meta name=\"description\" content=\"C\u00e1 kho t\u1ed9 l\u00e0 m\u00f3n \u0103n truy\u1ec1n th\u1ed1ng v\u1edbi c\u00e1 \u0111\u01b0\u1ee3c kho trong n\u1ed3i \u0111\u1ea5t, th\u1ea5m \u0111\u1ec1u n\u01b0\u1edbc kho s\u00e1nh \u0111\u1eadm. Th\u1ecbt c\u00e1 m\u1ec1m, ch\u1eafc, v\u1ecb m\u1eb7n ng\u1ecdt h\u00e0i h\u00f2a quy\u1ec7n v\u1edbi m\u00f9i ti\u00eau, \u1edbt v\u00e0 n\u01b0\u1edbc m\u00e0u th\u01a1m \u0111\u1eb7c tr\u01b0ng. M\u00f3n n\u00e0y \u0103n c\u00f9ng c\u01a1m tr\u1eafng n\u00f3ng r\u1ea5t \u0111\u01b0a c\u01a1m v\u00e0 quen thu\u1ed9c trong b\u1eefa \u0103n gia \u0111\u00ecnh Vi\u1ec7t.\" \/>\n<meta name=\"robots\" content=\"index, follow, max-snippet:-1, max-image-preview:large, max-video-preview:-1\" \/>\n<link rel=\"canonical\" href=\"https:\/\/ancomnha.io.vn\/index.php\/product\/ca-kho-to\/\" \/>\n<meta property=\"og:locale\" content=\"vi_VN\" \/>\n<meta property=\"og:type\" content=\"article\" \/>\n<meta property=\"og:title\" content=\"C\u00e1 kho t\u1ed9 - \u0102n C\u01a1m Nh\u00e1\" \/>\n<meta property=\"og:description\" content=\"C\u00e1 kho t\u1ed9 l\u00e0 m\u00f3n \u0103n truy\u1ec1n th\u1ed1ng v\u1edbi c\u00e1 \u0111\u01b0\u1ee3c kho trong n\u1ed3i \u0111\u1ea5t, th\u1ea5m \u0111\u1ec1u n\u01b0\u1edbc kho s\u00e1nh \u0111\u1eadm. Th\u1ecbt c\u00e1 m\u1ec1m, ch\u1eafc, v\u1ecb m\u1eb7n ng\u1ecdt h\u00e0i h\u00f2a quy\u1ec7n v\u1edbi m\u00f9i ti\u00eau, \u1edbt v\u00e0 n\u01b0\u1edbc m\u00e0u th\u01a1m \u0111\u1eb7c tr\u01b0ng. M\u00f3n n\u00e0y \u0103n c\u00f9ng c\u01a1m tr\u1eafng n\u00f3ng r\u1ea5t \u0111\u01b0a c\u01a1m v\u00e0 quen thu\u1ed9c trong b\u1eefa \u0103n gia \u0111\u00ecnh Vi\u1ec7t.\" \/>\n<meta property=\"og:url\" content=\"https:\/\/ancomnha.io.vn\/index.php\/product\/ca-kho-to\/\" \/>\n<meta property=\"og:site_name\" content=\"\u0102n C\u01a1m Nh\u00e1\" \/>\n<meta property=\"og:image\" content=\"https:\/\/ancomnha.io.vn\/wp-content\/uploads\/2026\/02\/z7463191246495_12af3f2fe0b2c94e8d1a8d9303dafde2.jpg\" \/>\n\t<meta property=\"og:image:width\" content=\"191\" \/>\n\t<meta property=\"og:image:height\" content=\"128\" \/>\n\t<meta property=\"og:image:type\" content=\"image\/jpeg\" \/>\n<meta name=\"twitter:card\" content=\"summary_large_image\" \/>\n<meta name=\"twitter:label1\" content=\"\u01af\u1edbc t\u00ednh th\u1eddi gian \u0111\u1ecdc\" \/>\n\t<meta name=\"twitter:data1\" content=\"1 ph\u00fat\" \/>\n<script type=\"application\/ld+json\" class=\"yoast-schema-graph\">{\"@context\":\"https:\\\/\\\/schema.org\",\"@graph\":[{\"@type\":\"WebPage\",\"@id\":\"https:\\\/\\\/ancomnha.io.vn\\\/index.php\\\/product\\\/ca-kho-to\\\/\",\"url\":\"https:\\\/\\\/ancomnha.io.vn\\\/index.php\\\/product\\\/ca-kho-to\\\/\",\"name\":\"C\u00e1 kho t\u1ed9 - \u0102n C\u01a1m Nh\u00e1\",\"isPartOf\":{\"@id\":\"https:\\\/\\\/ancomnha.io.vn\\\/#website\"},\"primaryImageOfPage\":{\"@id\":\"https:\\\/\\\/ancomnha.io.vn\\\/index.php\\\/product\\\/ca-kho-to\\\/#primaryimage\"},\"image\":{\"@id\":\"https:\\\/\\\/ancomnha.io.vn\\\/index.php\\\/product\\\/ca-kho-to\\\/#primaryimage\"},\"thumbnailUrl\":\"https:\\\/\\\/ancomnha.io.vn\\\/wp-content\\\/uploads\\\/2026\\\/02\\\/z7463191246495_12af3f2fe0b2c94e8d1a8d9303dafde2.jpg\",\"datePublished\":\"2026-02-03T14:54:53+00:00\",\"description\":\"C\u00e1 kho t\u1ed9 l\u00e0 m\u00f3n \u0103n truy\u1ec1n th\u1ed1ng v\u1edbi c\u00e1 \u0111\u01b0\u1ee3c kho trong n\u1ed3i \u0111\u1ea5t, th\u1ea5m \u0111\u1ec1u n\u01b0\u1edbc kho s\u00e1nh \u0111\u1eadm. Th\u1ecbt c\u00e1 m\u1ec1m, ch\u1eafc, v\u1ecb m\u1eb7n ng\u1ecdt h\u00e0i h\u00f2a quy\u1ec7n v\u1edbi m\u00f9i ti\u00eau, \u1edbt v\u00e0 n\u01b0\u1edbc m\u00e0u th\u01a1m \u0111\u1eb7c tr\u01b0ng. M\u00f3n n\u00e0y \u0103n c\u00f9ng c\u01a1m tr\u1eafng n\u00f3ng r\u1ea5t \u0111\u01b0a c\u01a1m v\u00e0 quen thu\u1ed9c trong b\u1eefa \u0103n gia \u0111\u00ecnh Vi\u1ec7t.\",\"breadcrumb\":{\"@id\":\"https:\\\/\\\/ancomnha.io.vn\\\/index.php\\\/product\\\/ca-kho-to\\\/#breadcrumb\"},\"inLanguage\":\"vi\",\"potentialAction\":[{\"@type\":\"ReadAction\",\"target\":[\"https:\\\/\\\/ancomnha.io.vn\\\/index.php\\\/product\\\/ca-kho-to\\\/\"]}]},{\"@type\":\"ImageObject\",\"inLanguage\":\"vi\",\"@id\":\"https:\\\/\\\/ancomnha.io.vn\\\/index.php\\\/product\\\/ca-kho-to\\\/#primaryimage\",\"url\":\"https:\\\/\\\/ancomnha.io.vn\\\/wp-content\\\/uploads\\\/2026\\\/02\\\/z7463191246495_12af3f2fe0b2c94e8d1a8d9303dafde2.jpg\",\"contentUrl\":\"https:\\\/\\\/ancomnha.io.vn\\\/wp-content\\\/uploads\\\/2026\\\/02\\\/z7463191246495_12af3f2fe0b2c94e8d1a8d9303dafde2.jpg\",\"width\":191,\"height\":128},{\"@type\":\"BreadcrumbList\",\"@id\":\"https:\\\/\\\/ancomnha.io.vn\\\/index.php\\\/product\\\/ca-kho-to\\\/#breadcrumb\",\"itemListElement\":[{\"@type\":\"ListItem\",\"position\":1,\"name\":\"Home\",\"item\":\"https:\\\/\\\/ancomnha.io.vn\\\/\"},{\"@type\":\"ListItem\",\"position\":2,\"name\":\"Shop\",\"item\":\"https:\\\/\\\/ancomnha.io.vn\\\/index.php\\\/shop\\\/\"},{\"@type\":\"ListItem\",\"position\":3,\"name\":\"C\u00e1 kho t\u1ed9\"}]},{\"@type\":\"WebSite\",\"@id\":\"https:\\\/\\\/ancomnha.io.vn\\\/#website\",\"url\":\"https:\\\/\\\/ancomnha.io.vn\\\/\",\"name\":\"\u0102n C\u01a1m Nh\u00e1\",\"description\":\"\",\"publisher\":{\"@id\":\"https:\\\/\\\/ancomnha.io.vn\\\/#organization\"},\"potentialAction\":[{\"@type\":\"SearchAction\",\"target\":{\"@type\":\"EntryPoint\",\"urlTemplate\":\"https:\\\/\\\/ancomnha.io.vn\\\/?s={search_term_string}\"},\"query-input\":{\"@type\":\"PropertyValueSpecification\",\"valueRequired\":true,\"valueName\":\"search_term_string\"}}],\"inLanguage\":\"vi\"},{\"@type\":\"Organization\",\"@id\":\"https:\\\/\\\/ancomnha.io.vn\\\/#organization\",\"name\":\"\u0102n C\u01a1m Nh\u00e1\",\"url\":\"https:\\\/\\\/ancomnha.io.vn\\\/\",\"logo\":{\"@type\":\"ImageObject\",\"inLanguage\":\"vi\",\"@id\":\"https:\\\/\\\/ancomnha.io.vn\\\/#\\\/schema\\\/logo\\\/image\\\/\",\"url\":\"https:\\\/\\\/ancomnha.io.vn\\\/wp-content\\\/uploads\\\/2026\\\/01\\\/cropped-logo-ancomnha-1.jpg\",\"contentUrl\":\"https:\\\/\\\/ancomnha.io.vn\\\/wp-content\\\/uploads\\\/2026\\\/01\\\/cropped-logo-ancomnha-1.jpg\",\"width\":200,\"height\":200,\"caption\":\"\u0102n C\u01a1m Nh\u00e1\"},\"image\":{\"@id\":\"https:\\\/\\\/ancomnha.io.vn\\\/#\\\/schema\\\/logo\\\/image\\\/\"}}]}<\/script>\n<!-- \/ Yoast SEO plugin. -->","yoast_head_json":{"title":"C\u00e1 kho t\u1ed9 - \u0102n C\u01a1m Nh\u00e1","description":"C\u00e1 kho t\u1ed9 l\u00e0 m\u00f3n \u0103n truy\u1ec1n th\u1ed1ng v\u1edbi c\u00e1 \u0111\u01b0\u1ee3c kho trong n\u1ed3i \u0111\u1ea5t, th\u1ea5m \u0111\u1ec1u n\u01b0\u1edbc kho s\u00e1nh \u0111\u1eadm. Th\u1ecbt c\u00e1 m\u1ec1m, ch\u1eafc, v\u1ecb m\u1eb7n ng\u1ecdt h\u00e0i h\u00f2a quy\u1ec7n v\u1edbi m\u00f9i ti\u00eau, \u1edbt v\u00e0 n\u01b0\u1edbc m\u00e0u th\u01a1m \u0111\u1eb7c tr\u01b0ng. M\u00f3n n\u00e0y \u0103n c\u00f9ng c\u01a1m tr\u1eafng n\u00f3ng r\u1ea5t \u0111\u01b0a c\u01a1m v\u00e0 quen thu\u1ed9c trong b\u1eefa \u0103n gia \u0111\u00ecnh Vi\u1ec7t.","robots":{"index":"index","follow":"follow","max-snippet":"max-snippet:-1","max-image-preview":"max-image-preview:large","max-video-preview":"max-video-preview:-1"},"canonical":"https:\/\/ancomnha.io.vn\/index.php\/product\/ca-kho-to\/","og_locale":"vi_VN","og_type":"article","og_title":"C\u00e1 kho t\u1ed9 - \u0102n C\u01a1m Nh\u00e1","og_description":"C\u00e1 kho t\u1ed9 l\u00e0 m\u00f3n \u0103n truy\u1ec1n th\u1ed1ng v\u1edbi c\u00e1 \u0111\u01b0\u1ee3c kho trong n\u1ed3i \u0111\u1ea5t, th\u1ea5m \u0111\u1ec1u n\u01b0\u1edbc kho s\u00e1nh \u0111\u1eadm. Th\u1ecbt c\u00e1 m\u1ec1m, ch\u1eafc, v\u1ecb m\u1eb7n ng\u1ecdt h\u00e0i h\u00f2a quy\u1ec7n v\u1edbi m\u00f9i ti\u00eau, \u1edbt v\u00e0 n\u01b0\u1edbc m\u00e0u th\u01a1m \u0111\u1eb7c tr\u01b0ng. M\u00f3n n\u00e0y \u0103n c\u00f9ng c\u01a1m tr\u1eafng n\u00f3ng r\u1ea5t \u0111\u01b0a c\u01a1m v\u00e0 quen thu\u1ed9c trong b\u1eefa \u0103n gia \u0111\u00ecnh Vi\u1ec7t.","og_url":"https:\/\/ancomnha.io.vn\/index.php\/product\/ca-kho-to\/","og_site_name":"\u0102n C\u01a1m Nh\u00e1","og_image":[{"width":191,"height":128,"url":"https:\/\/ancomnha.io.vn\/wp-content\/uploads\/2026\/02\/z7463191246495_12af3f2fe0b2c94e8d1a8d9303dafde2.jpg","type":"image\/jpeg"}],"twitter_card":"summary_large_image","twitter_misc":{"\u01af\u1edbc t\u00ednh th\u1eddi gian \u0111\u1ecdc":"1 ph\u00fat"},"schema":{"@context":"https:\/\/schema.org","@graph":[{"@type":"WebPage","@id":"https:\/\/ancomnha.io.vn\/index.php\/product\/ca-kho-to\/","url":"https:\/\/ancomnha.io.vn\/index.php\/product\/ca-kho-to\/","name":"C\u00e1 kho t\u1ed9 - \u0102n C\u01a1m Nh\u00e1","isPartOf":{"@id":"https:\/\/ancomnha.io.vn\/#website"},"primaryImageOfPage":{"@id":"https:\/\/ancomnha.io.vn\/index.php\/product\/ca-kho-to\/#primaryimage"},"image":{"@id":"https:\/\/ancomnha.io.vn\/index.php\/product\/ca-kho-to\/#primaryimage"},"thumbnailUrl":"https:\/\/ancomnha.io.vn\/wp-content\/uploads\/2026\/02\/z7463191246495_12af3f2fe0b2c94e8d1a8d9303dafde2.jpg","datePublished":"2026-02-03T14:54:53+00:00","description":"C\u00e1 kho t\u1ed9 l\u00e0 m\u00f3n \u0103n truy\u1ec1n th\u1ed1ng v\u1edbi c\u00e1 \u0111\u01b0\u1ee3c kho trong n\u1ed3i \u0111\u1ea5t, th\u1ea5m \u0111\u1ec1u n\u01b0\u1edbc kho s\u00e1nh \u0111\u1eadm. Th\u1ecbt c\u00e1 m\u1ec1m, ch\u1eafc, v\u1ecb m\u1eb7n ng\u1ecdt h\u00e0i h\u00f2a quy\u1ec7n v\u1edbi m\u00f9i ti\u00eau, \u1edbt v\u00e0 n\u01b0\u1edbc m\u00e0u th\u01a1m \u0111\u1eb7c tr\u01b0ng. M\u00f3n n\u00e0y \u0103n c\u00f9ng c\u01a1m tr\u1eafng n\u00f3ng r\u1ea5t \u0111\u01b0a c\u01a1m v\u00e0 quen thu\u1ed9c trong b\u1eefa \u0103n gia \u0111\u00ecnh Vi\u1ec7t.","breadcrumb":{"@id":"https:\/\/ancomnha.io.vn\/index.php\/product\/ca-kho-to\/#breadcrumb"},"inLanguage":"vi","potentialAction":[{"@type":"ReadAction","target":["https:\/\/ancomnha.io.vn\/index.php\/product\/ca-kho-to\/"]}]},{"@type":"ImageObject","inLanguage":"vi","@id":"https:\/\/ancomnha.io.vn\/index.php\/product\/ca-kho-to\/#primaryimage","url":"https:\/\/ancomnha.io.vn\/wp-content\/uploads\/2026\/02\/z7463191246495_12af3f2fe0b2c94e8d1a8d9303dafde2.jpg","contentUrl":"https:\/\/ancomnha.io.vn\/wp-content\/uploads\/2026\/02\/z7463191246495_12af3f2fe0b2c94e8d1a8d9303dafde2.jpg","width":191,"height":128},{"@type":"BreadcrumbList","@id":"https:\/\/ancomnha.io.vn\/index.php\/product\/ca-kho-to\/#breadcrumb","itemListElement":[{"@type":"ListItem","position":1,"name":"Home","item":"https:\/\/ancomnha.io.vn\/"},{"@type":"ListItem","position":2,"name":"Shop","item":"https:\/\/ancomnha.io.vn\/index.php\/shop\/"},{"@type":"ListItem","position":3,"name":"C\u00e1 kho t\u1ed9"}]},{"@type":"WebSite","@id":"https:\/\/ancomnha.io.vn\/#website","url":"https:\/\/ancomnha.io.vn\/","name":"\u0102n C\u01a1m Nh\u00e1","description":"","publisher":{"@id":"https:\/\/ancomnha.io.vn\/#organization"},"potentialAction":[{"@type":"SearchAction","target":{"@type":"EntryPoint","urlTemplate":"https:\/\/ancomnha.io.vn\/?s={search_term_string}"},"query-input":{"@type":"PropertyValueSpecification","valueRequired":true,"valueName":"search_term_string"}}],"inLanguage":"vi"},{"@type":"Organization","@id":"https:\/\/ancomnha.io.vn\/#organization","name":"\u0102n C\u01a1m Nh\u00e1","url":"https:\/\/ancomnha.io.vn\/","logo":{"@type":"ImageObject","inLanguage":"vi","@id":"https:\/\/ancomnha.io.vn\/#\/schema\/logo\/image\/","url":"https:\/\/ancomnha.io.vn\/wp-content\/uploads\/2026\/01\/cropped-logo-ancomnha-1.jpg","contentUrl":"https:\/\/ancomnha.io.vn\/wp-content\/uploads\/2026\/01\/cropped-logo-ancomnha-1.jpg","width":200,"height":200,"caption":"\u0102n C\u01a1m Nh\u00e1"},"image":{"@id":"https:\/\/ancomnha.io.vn\/#\/schema\/logo\/image\/"}}]}},"jetpack_sharing_enabled":true,"_links":{"self":[{"href":"https:\/\/ancomnha.io.vn\/index.php\/wp-json\/wp\/v2\/product\/162","targetHints":{"allow":["GET"]}}],"collection":[{"href":"https:\/\/ancomnha.io.vn\/index.php\/wp-json\/wp\/v2\/product"}],"about":[{"href":"https:\/\/ancomnha.io.vn\/index.php\/wp-json\/wp\/v2\/types\/product"}],"replies":[{"embeddable":true,"href":"https:\/\/ancomnha.io.vn\/index.php\/wp-json\/wp\/v2\/comments?post=162"}],"wp:featuredmedia":[{"embeddable":true,"href":"https:\/\/ancomnha.io.vn\/index.php\/wp-json\/wp\/v2\/media\/163"}],"wp:attachment":[{"href":"https:\/\/ancomnha.io.vn\/index.php\/wp-json\/wp\/v2\/media?parent=162"}],"wp:term":[{"taxonomy":"product_brand","embeddable":true,"href":"https:\/\/ancomnha.io.vn\/index.php\/wp-json\/wp\/v2\/product_brand?post=162"},{"taxonomy":"product_cat","embeddable":true,"href":"https:\/\/ancomnha.io.vn\/index.php\/wp-json\/wp\/v2\/product_cat?post=162"},{"taxonomy":"product_tag","embeddable":true,"href":"https:\/\/ancomnha.io.vn\/index.php\/wp-json\/wp\/v2\/product_tag?post=162"}],"curies":[{"name":"wp","href":"https:\/\/api.w.org\/{rel}","templated":true}]}}