{"id":158,"date":"2026-02-03T14:39:04","date_gmt":"2026-02-03T14:39:04","guid":{"rendered":"https:\/\/ancomnha.io.vn\/?post_type=product&#038;p=158"},"modified":"2026-02-03T14:39:04","modified_gmt":"2026-02-03T14:39:04","slug":"bo-nuong-la-lot","status":"publish","type":"product","link":"https:\/\/ancomnha.io.vn\/index.php\/product\/bo-nuong-la-lot\/","title":{"rendered":"b\u00f2 n\u01b0\u1edbng l\u00e1 l\u1ed1t"},"content":{"rendered":"<p>B\u00f2 n\u01b0\u1edbng l\u00e1 l\u1ed1t l\u00e0 m\u00f3n \u0103n th\u01a1m n\u1ee9c v\u1edbi th\u1ecbt b\u00f2 xay ho\u1eb7c th\u00e1i nh\u1ecf \u0111\u01b0\u1ee3c \u01b0\u1edbp gia v\u1ecb, cu\u1ed1n trong l\u00e1 l\u1ed1t r\u1ed3i n\u01b0\u1edbng ch\u00edn. Khi n\u01b0\u1edbng, l\u00e1 l\u1ed1t d\u1eady m\u00f9i th\u01a1m \u0111\u1eb7c tr\u01b0ng, h\u01a1i ch\u00e1y x\u00e9m b\u00ean ngo\u00e0i, b\u00ean trong th\u1ecbt b\u00f2 m\u1ec1m, ng\u1ecdt v\u00e0 \u0111\u1eadm v\u1ecb. M\u00f3n n\u00e0y th\u01b0\u1eddng \u0103n k\u00e8m rau s\u1ed1ng v\u00e0 n\u01b0\u1edbc ch\u1ea5m, r\u1ea5t h\u1ea5p d\u1eabn v\u00e0 d\u1ec5 \u0103n.<\/p>\n","protected":false},"excerpt":{"rendered":"<p>B\u00f2 n\u01b0\u1edbng l\u00e1 l\u1ed1t l\u00e0 m\u00f3n \u0103n th\u01a1m n\u1ee9c v\u1edbi th\u1ecbt b\u00f2 xay ho\u1eb7c th\u00e1i nh\u1ecf \u0111\u01b0\u1ee3c \u01b0\u1edbp gia v\u1ecb, cu\u1ed1n trong l\u00e1 l\u1ed1t r\u1ed3i n\u01b0\u1edbng ch\u00edn. Khi n\u01b0\u1edbng, l\u00e1 l\u1ed1t d\u1eady m\u00f9i th\u01a1m \u0111\u1eb7c tr\u01b0ng, h\u01a1i ch\u00e1y x\u00e9m b\u00ean ngo\u00e0i, b\u00ean trong th\u1ecbt b\u00f2 m\u1ec1m, ng\u1ecdt v\u00e0 \u0111\u1eadm v\u1ecb. M\u00f3n n\u00e0y th\u01b0\u1eddng \u0103n k\u00e8m rau s\u1ed1ng v\u00e0 n\u01b0\u1edbc ch\u1ea5m, r\u1ea5t h\u1ea5p d\u1eabn v\u00e0 d\u1ec5 \u0103n.<\/p>\n","protected":false},"featured_media":159,"comment_status":"open","ping_status":"closed","template":"","meta":{"_regular_price":["150000"],"currency_symbol":[]},"product_brand":[],"product_cat":[17],"product_tag":[],"class_list":{"0":"post-158","1":"product","2":"type-product","3":"status-publish","4":"has-post-thumbnail","6":"product_cat-uncategorized","8":"first","9":"instock","10":"sale","11":"taxable","12":"shipping-taxable","13":"purchasable","14":"product-type-simple"},"post_slider_layout_featured_media_urls":{"thumbnail":["https:\/\/ancomnha.io.vn\/wp-content\/uploads\/2026\/02\/z7463190947849_b6964ea80df02863dbfaced97d947b28-150x122.jpg",150,122,true],"post_slider_layout_landscape_large":["https:\/\/ancomnha.io.vn\/wp-content\/uploads\/2026\/02\/z7463190947849_b6964ea80df02863dbfaced97d947b28.jpg",190,122,false],"post_slider_layout_portrait_large":["https:\/\/ancomnha.io.vn\/wp-content\/uploads\/2026\/02\/z7463190947849_b6964ea80df02863dbfaced97d947b28.jpg",190,122,false],"post_slider_layout_square_large":["https:\/\/ancomnha.io.vn\/wp-content\/uploads\/2026\/02\/z7463190947849_b6964ea80df02863dbfaced97d947b28.jpg",190,122,false],"post_slider_layout_landscape":["https:\/\/ancomnha.io.vn\/wp-content\/uploads\/2026\/02\/z7463190947849_b6964ea80df02863dbfaced97d947b28.jpg",190,122,false],"post_slider_layout_portrait":["https:\/\/ancomnha.io.vn\/wp-content\/uploads\/2026\/02\/z7463190947849_b6964ea80df02863dbfaced97d947b28.jpg",190,122,false],"post_slider_layout_square":["https:\/\/ancomnha.io.vn\/wp-content\/uploads\/2026\/02\/z7463190947849_b6964ea80df02863dbfaced97d947b28.jpg",190,122,false],"full":["https:\/\/ancomnha.io.vn\/wp-content\/uploads\/2026\/02\/z7463190947849_b6964ea80df02863dbfaced97d947b28.jpg",190,122,false]},"yoast_head":"<!-- This site is optimized with the Yoast SEO plugin v27.5 - https:\/\/yoast.com\/product\/yoast-seo-wordpress\/ -->\n<title>b\u00f2 n\u01b0\u1edbng l\u00e1 l\u1ed1t - \u0102n C\u01a1m Nh\u00e1<\/title>\n<meta name=\"description\" content=\"B\u00f2 n\u01b0\u1edbng l\u00e1 l\u1ed1t l\u00e0 m\u00f3n \u0103n th\u01a1m n\u1ee9c v\u1edbi th\u1ecbt b\u00f2 xay ho\u1eb7c th\u00e1i nh\u1ecf \u0111\u01b0\u1ee3c \u01b0\u1edbp gia v\u1ecb, cu\u1ed1n trong l\u00e1 l\u1ed1t r\u1ed3i n\u01b0\u1edbng ch\u00edn. Khi n\u01b0\u1edbng, l\u00e1 l\u1ed1t d\u1eady m\u00f9i th\u01a1m \u0111\u1eb7c tr\u01b0ng, h\u01a1i ch\u00e1y x\u00e9m b\u00ean ngo\u00e0i, b\u00ean trong th\u1ecbt b\u00f2 m\u1ec1m, ng\u1ecdt v\u00e0 \u0111\u1eadm v\u1ecb. M\u00f3n n\u00e0y th\u01b0\u1eddng \u0103n k\u00e8m rau s\u1ed1ng v\u00e0 n\u01b0\u1edbc ch\u1ea5m, r\u1ea5t h\u1ea5p d\u1eabn v\u00e0 d\u1ec5 \u0103n.\" \/>\n<meta name=\"robots\" content=\"index, follow, max-snippet:-1, max-image-preview:large, max-video-preview:-1\" \/>\n<link rel=\"canonical\" href=\"https:\/\/ancomnha.io.vn\/index.php\/product\/bo-nuong-la-lot\/\" \/>\n<meta property=\"og:locale\" content=\"vi_VN\" \/>\n<meta property=\"og:type\" content=\"article\" \/>\n<meta property=\"og:title\" content=\"b\u00f2 n\u01b0\u1edbng l\u00e1 l\u1ed1t - \u0102n C\u01a1m Nh\u00e1\" \/>\n<meta property=\"og:description\" content=\"B\u00f2 n\u01b0\u1edbng l\u00e1 l\u1ed1t l\u00e0 m\u00f3n \u0103n th\u01a1m n\u1ee9c v\u1edbi th\u1ecbt b\u00f2 xay ho\u1eb7c th\u00e1i nh\u1ecf \u0111\u01b0\u1ee3c \u01b0\u1edbp gia v\u1ecb, cu\u1ed1n trong l\u00e1 l\u1ed1t r\u1ed3i n\u01b0\u1edbng ch\u00edn. Khi n\u01b0\u1edbng, l\u00e1 l\u1ed1t d\u1eady m\u00f9i th\u01a1m \u0111\u1eb7c tr\u01b0ng, h\u01a1i ch\u00e1y x\u00e9m b\u00ean ngo\u00e0i, b\u00ean trong th\u1ecbt b\u00f2 m\u1ec1m, ng\u1ecdt v\u00e0 \u0111\u1eadm v\u1ecb. M\u00f3n n\u00e0y th\u01b0\u1eddng \u0103n k\u00e8m rau s\u1ed1ng v\u00e0 n\u01b0\u1edbc ch\u1ea5m, r\u1ea5t h\u1ea5p d\u1eabn v\u00e0 d\u1ec5 \u0103n.\" \/>\n<meta property=\"og:url\" content=\"https:\/\/ancomnha.io.vn\/index.php\/product\/bo-nuong-la-lot\/\" \/>\n<meta property=\"og:site_name\" content=\"\u0102n C\u01a1m Nh\u00e1\" \/>\n<meta property=\"og:image\" content=\"https:\/\/ancomnha.io.vn\/wp-content\/uploads\/2026\/02\/z7463190947849_b6964ea80df02863dbfaced97d947b28.jpg\" \/>\n\t<meta property=\"og:image:width\" content=\"190\" \/>\n\t<meta property=\"og:image:height\" content=\"122\" \/>\n\t<meta property=\"og:image:type\" content=\"image\/jpeg\" \/>\n<meta name=\"twitter:card\" content=\"summary_large_image\" \/>\n<meta name=\"twitter:label1\" content=\"\u01af\u1edbc t\u00ednh th\u1eddi gian \u0111\u1ecdc\" \/>\n\t<meta name=\"twitter:data1\" content=\"1 ph\u00fat\" \/>\n<script type=\"application\/ld+json\" class=\"yoast-schema-graph\">{\"@context\":\"https:\\\/\\\/schema.org\",\"@graph\":[{\"@type\":\"WebPage\",\"@id\":\"https:\\\/\\\/ancomnha.io.vn\\\/index.php\\\/product\\\/bo-nuong-la-lot\\\/\",\"url\":\"https:\\\/\\\/ancomnha.io.vn\\\/index.php\\\/product\\\/bo-nuong-la-lot\\\/\",\"name\":\"b\u00f2 n\u01b0\u1edbng l\u00e1 l\u1ed1t - \u0102n C\u01a1m Nh\u00e1\",\"isPartOf\":{\"@id\":\"https:\\\/\\\/ancomnha.io.vn\\\/#website\"},\"primaryImageOfPage\":{\"@id\":\"https:\\\/\\\/ancomnha.io.vn\\\/index.php\\\/product\\\/bo-nuong-la-lot\\\/#primaryimage\"},\"image\":{\"@id\":\"https:\\\/\\\/ancomnha.io.vn\\\/index.php\\\/product\\\/bo-nuong-la-lot\\\/#primaryimage\"},\"thumbnailUrl\":\"https:\\\/\\\/ancomnha.io.vn\\\/wp-content\\\/uploads\\\/2026\\\/02\\\/z7463190947849_b6964ea80df02863dbfaced97d947b28.jpg\",\"datePublished\":\"2026-02-03T14:39:04+00:00\",\"description\":\"B\u00f2 n\u01b0\u1edbng l\u00e1 l\u1ed1t l\u00e0 m\u00f3n \u0103n th\u01a1m n\u1ee9c v\u1edbi th\u1ecbt b\u00f2 xay ho\u1eb7c th\u00e1i nh\u1ecf \u0111\u01b0\u1ee3c \u01b0\u1edbp gia v\u1ecb, cu\u1ed1n trong l\u00e1 l\u1ed1t r\u1ed3i n\u01b0\u1edbng ch\u00edn. Khi n\u01b0\u1edbng, l\u00e1 l\u1ed1t d\u1eady m\u00f9i th\u01a1m \u0111\u1eb7c tr\u01b0ng, h\u01a1i ch\u00e1y x\u00e9m b\u00ean ngo\u00e0i, b\u00ean trong th\u1ecbt b\u00f2 m\u1ec1m, ng\u1ecdt v\u00e0 \u0111\u1eadm v\u1ecb. M\u00f3n n\u00e0y th\u01b0\u1eddng \u0103n k\u00e8m rau s\u1ed1ng v\u00e0 n\u01b0\u1edbc ch\u1ea5m, r\u1ea5t h\u1ea5p d\u1eabn v\u00e0 d\u1ec5 \u0103n.\",\"breadcrumb\":{\"@id\":\"https:\\\/\\\/ancomnha.io.vn\\\/index.php\\\/product\\\/bo-nuong-la-lot\\\/#breadcrumb\"},\"inLanguage\":\"vi\",\"potentialAction\":[{\"@type\":\"ReadAction\",\"target\":[\"https:\\\/\\\/ancomnha.io.vn\\\/index.php\\\/product\\\/bo-nuong-la-lot\\\/\"]}]},{\"@type\":\"ImageObject\",\"inLanguage\":\"vi\",\"@id\":\"https:\\\/\\\/ancomnha.io.vn\\\/index.php\\\/product\\\/bo-nuong-la-lot\\\/#primaryimage\",\"url\":\"https:\\\/\\\/ancomnha.io.vn\\\/wp-content\\\/uploads\\\/2026\\\/02\\\/z7463190947849_b6964ea80df02863dbfaced97d947b28.jpg\",\"contentUrl\":\"https:\\\/\\\/ancomnha.io.vn\\\/wp-content\\\/uploads\\\/2026\\\/02\\\/z7463190947849_b6964ea80df02863dbfaced97d947b28.jpg\",\"width\":190,\"height\":122},{\"@type\":\"BreadcrumbList\",\"@id\":\"https:\\\/\\\/ancomnha.io.vn\\\/index.php\\\/product\\\/bo-nuong-la-lot\\\/#breadcrumb\",\"itemListElement\":[{\"@type\":\"ListItem\",\"position\":1,\"name\":\"Home\",\"item\":\"https:\\\/\\\/ancomnha.io.vn\\\/\"},{\"@type\":\"ListItem\",\"position\":2,\"name\":\"Shop\",\"item\":\"https:\\\/\\\/ancomnha.io.vn\\\/index.php\\\/shop\\\/\"},{\"@type\":\"ListItem\",\"position\":3,\"name\":\"b\u00f2 n\u01b0\u1edbng l\u00e1 l\u1ed1t\"}]},{\"@type\":\"WebSite\",\"@id\":\"https:\\\/\\\/ancomnha.io.vn\\\/#website\",\"url\":\"https:\\\/\\\/ancomnha.io.vn\\\/\",\"name\":\"\u0102n C\u01a1m Nh\u00e1\",\"description\":\"\",\"publisher\":{\"@id\":\"https:\\\/\\\/ancomnha.io.vn\\\/#organization\"},\"potentialAction\":[{\"@type\":\"SearchAction\",\"target\":{\"@type\":\"EntryPoint\",\"urlTemplate\":\"https:\\\/\\\/ancomnha.io.vn\\\/?s={search_term_string}\"},\"query-input\":{\"@type\":\"PropertyValueSpecification\",\"valueRequired\":true,\"valueName\":\"search_term_string\"}}],\"inLanguage\":\"vi\"},{\"@type\":\"Organization\",\"@id\":\"https:\\\/\\\/ancomnha.io.vn\\\/#organization\",\"name\":\"\u0102n C\u01a1m Nh\u00e1\",\"url\":\"https:\\\/\\\/ancomnha.io.vn\\\/\",\"logo\":{\"@type\":\"ImageObject\",\"inLanguage\":\"vi\",\"@id\":\"https:\\\/\\\/ancomnha.io.vn\\\/#\\\/schema\\\/logo\\\/image\\\/\",\"url\":\"https:\\\/\\\/ancomnha.io.vn\\\/wp-content\\\/uploads\\\/2026\\\/01\\\/cropped-logo-ancomnha-1.jpg\",\"contentUrl\":\"https:\\\/\\\/ancomnha.io.vn\\\/wp-content\\\/uploads\\\/2026\\\/01\\\/cropped-logo-ancomnha-1.jpg\",\"width\":200,\"height\":200,\"caption\":\"\u0102n C\u01a1m Nh\u00e1\"},\"image\":{\"@id\":\"https:\\\/\\\/ancomnha.io.vn\\\/#\\\/schema\\\/logo\\\/image\\\/\"}}]}<\/script>\n<!-- \/ Yoast SEO plugin. -->","yoast_head_json":{"title":"b\u00f2 n\u01b0\u1edbng l\u00e1 l\u1ed1t - \u0102n C\u01a1m Nh\u00e1","description":"B\u00f2 n\u01b0\u1edbng l\u00e1 l\u1ed1t l\u00e0 m\u00f3n \u0103n th\u01a1m n\u1ee9c v\u1edbi th\u1ecbt b\u00f2 xay ho\u1eb7c th\u00e1i nh\u1ecf \u0111\u01b0\u1ee3c \u01b0\u1edbp gia v\u1ecb, cu\u1ed1n trong l\u00e1 l\u1ed1t r\u1ed3i n\u01b0\u1edbng ch\u00edn. Khi n\u01b0\u1edbng, l\u00e1 l\u1ed1t d\u1eady m\u00f9i th\u01a1m \u0111\u1eb7c tr\u01b0ng, h\u01a1i ch\u00e1y x\u00e9m b\u00ean ngo\u00e0i, b\u00ean trong th\u1ecbt b\u00f2 m\u1ec1m, ng\u1ecdt v\u00e0 \u0111\u1eadm v\u1ecb. M\u00f3n n\u00e0y th\u01b0\u1eddng \u0103n k\u00e8m rau s\u1ed1ng v\u00e0 n\u01b0\u1edbc ch\u1ea5m, r\u1ea5t h\u1ea5p d\u1eabn v\u00e0 d\u1ec5 \u0103n.","robots":{"index":"index","follow":"follow","max-snippet":"max-snippet:-1","max-image-preview":"max-image-preview:large","max-video-preview":"max-video-preview:-1"},"canonical":"https:\/\/ancomnha.io.vn\/index.php\/product\/bo-nuong-la-lot\/","og_locale":"vi_VN","og_type":"article","og_title":"b\u00f2 n\u01b0\u1edbng l\u00e1 l\u1ed1t - \u0102n C\u01a1m Nh\u00e1","og_description":"B\u00f2 n\u01b0\u1edbng l\u00e1 l\u1ed1t l\u00e0 m\u00f3n \u0103n th\u01a1m n\u1ee9c v\u1edbi th\u1ecbt b\u00f2 xay ho\u1eb7c th\u00e1i nh\u1ecf \u0111\u01b0\u1ee3c \u01b0\u1edbp gia v\u1ecb, cu\u1ed1n trong l\u00e1 l\u1ed1t r\u1ed3i n\u01b0\u1edbng ch\u00edn. Khi n\u01b0\u1edbng, l\u00e1 l\u1ed1t d\u1eady m\u00f9i th\u01a1m \u0111\u1eb7c tr\u01b0ng, h\u01a1i ch\u00e1y x\u00e9m b\u00ean ngo\u00e0i, b\u00ean trong th\u1ecbt b\u00f2 m\u1ec1m, ng\u1ecdt v\u00e0 \u0111\u1eadm v\u1ecb. M\u00f3n n\u00e0y th\u01b0\u1eddng \u0103n k\u00e8m rau s\u1ed1ng v\u00e0 n\u01b0\u1edbc ch\u1ea5m, r\u1ea5t h\u1ea5p d\u1eabn v\u00e0 d\u1ec5 \u0103n.","og_url":"https:\/\/ancomnha.io.vn\/index.php\/product\/bo-nuong-la-lot\/","og_site_name":"\u0102n C\u01a1m Nh\u00e1","og_image":[{"width":190,"height":122,"url":"https:\/\/ancomnha.io.vn\/wp-content\/uploads\/2026\/02\/z7463190947849_b6964ea80df02863dbfaced97d947b28.jpg","type":"image\/jpeg"}],"twitter_card":"summary_large_image","twitter_misc":{"\u01af\u1edbc t\u00ednh th\u1eddi gian \u0111\u1ecdc":"1 ph\u00fat"},"schema":{"@context":"https:\/\/schema.org","@graph":[{"@type":"WebPage","@id":"https:\/\/ancomnha.io.vn\/index.php\/product\/bo-nuong-la-lot\/","url":"https:\/\/ancomnha.io.vn\/index.php\/product\/bo-nuong-la-lot\/","name":"b\u00f2 n\u01b0\u1edbng l\u00e1 l\u1ed1t - \u0102n C\u01a1m Nh\u00e1","isPartOf":{"@id":"https:\/\/ancomnha.io.vn\/#website"},"primaryImageOfPage":{"@id":"https:\/\/ancomnha.io.vn\/index.php\/product\/bo-nuong-la-lot\/#primaryimage"},"image":{"@id":"https:\/\/ancomnha.io.vn\/index.php\/product\/bo-nuong-la-lot\/#primaryimage"},"thumbnailUrl":"https:\/\/ancomnha.io.vn\/wp-content\/uploads\/2026\/02\/z7463190947849_b6964ea80df02863dbfaced97d947b28.jpg","datePublished":"2026-02-03T14:39:04+00:00","description":"B\u00f2 n\u01b0\u1edbng l\u00e1 l\u1ed1t l\u00e0 m\u00f3n \u0103n th\u01a1m n\u1ee9c v\u1edbi th\u1ecbt b\u00f2 xay ho\u1eb7c th\u00e1i nh\u1ecf \u0111\u01b0\u1ee3c \u01b0\u1edbp gia v\u1ecb, cu\u1ed1n trong l\u00e1 l\u1ed1t r\u1ed3i n\u01b0\u1edbng ch\u00edn. Khi n\u01b0\u1edbng, l\u00e1 l\u1ed1t d\u1eady m\u00f9i th\u01a1m \u0111\u1eb7c tr\u01b0ng, h\u01a1i ch\u00e1y x\u00e9m b\u00ean ngo\u00e0i, b\u00ean trong th\u1ecbt b\u00f2 m\u1ec1m, ng\u1ecdt v\u00e0 \u0111\u1eadm v\u1ecb. M\u00f3n n\u00e0y th\u01b0\u1eddng \u0103n k\u00e8m rau s\u1ed1ng v\u00e0 n\u01b0\u1edbc ch\u1ea5m, r\u1ea5t h\u1ea5p d\u1eabn v\u00e0 d\u1ec5 \u0103n.","breadcrumb":{"@id":"https:\/\/ancomnha.io.vn\/index.php\/product\/bo-nuong-la-lot\/#breadcrumb"},"inLanguage":"vi","potentialAction":[{"@type":"ReadAction","target":["https:\/\/ancomnha.io.vn\/index.php\/product\/bo-nuong-la-lot\/"]}]},{"@type":"ImageObject","inLanguage":"vi","@id":"https:\/\/ancomnha.io.vn\/index.php\/product\/bo-nuong-la-lot\/#primaryimage","url":"https:\/\/ancomnha.io.vn\/wp-content\/uploads\/2026\/02\/z7463190947849_b6964ea80df02863dbfaced97d947b28.jpg","contentUrl":"https:\/\/ancomnha.io.vn\/wp-content\/uploads\/2026\/02\/z7463190947849_b6964ea80df02863dbfaced97d947b28.jpg","width":190,"height":122},{"@type":"BreadcrumbList","@id":"https:\/\/ancomnha.io.vn\/index.php\/product\/bo-nuong-la-lot\/#breadcrumb","itemListElement":[{"@type":"ListItem","position":1,"name":"Home","item":"https:\/\/ancomnha.io.vn\/"},{"@type":"ListItem","position":2,"name":"Shop","item":"https:\/\/ancomnha.io.vn\/index.php\/shop\/"},{"@type":"ListItem","position":3,"name":"b\u00f2 n\u01b0\u1edbng l\u00e1 l\u1ed1t"}]},{"@type":"WebSite","@id":"https:\/\/ancomnha.io.vn\/#website","url":"https:\/\/ancomnha.io.vn\/","name":"\u0102n C\u01a1m Nh\u00e1","description":"","publisher":{"@id":"https:\/\/ancomnha.io.vn\/#organization"},"potentialAction":[{"@type":"SearchAction","target":{"@type":"EntryPoint","urlTemplate":"https:\/\/ancomnha.io.vn\/?s={search_term_string}"},"query-input":{"@type":"PropertyValueSpecification","valueRequired":true,"valueName":"search_term_string"}}],"inLanguage":"vi"},{"@type":"Organization","@id":"https:\/\/ancomnha.io.vn\/#organization","name":"\u0102n C\u01a1m Nh\u00e1","url":"https:\/\/ancomnha.io.vn\/","logo":{"@type":"ImageObject","inLanguage":"vi","@id":"https:\/\/ancomnha.io.vn\/#\/schema\/logo\/image\/","url":"https:\/\/ancomnha.io.vn\/wp-content\/uploads\/2026\/01\/cropped-logo-ancomnha-1.jpg","contentUrl":"https:\/\/ancomnha.io.vn\/wp-content\/uploads\/2026\/01\/cropped-logo-ancomnha-1.jpg","width":200,"height":200,"caption":"\u0102n C\u01a1m Nh\u00e1"},"image":{"@id":"https:\/\/ancomnha.io.vn\/#\/schema\/logo\/image\/"}}]}},"jetpack_sharing_enabled":true,"_links":{"self":[{"href":"https:\/\/ancomnha.io.vn\/index.php\/wp-json\/wp\/v2\/product\/158","targetHints":{"allow":["GET"]}}],"collection":[{"href":"https:\/\/ancomnha.io.vn\/index.php\/wp-json\/wp\/v2\/product"}],"about":[{"href":"https:\/\/ancomnha.io.vn\/index.php\/wp-json\/wp\/v2\/types\/product"}],"replies":[{"embeddable":true,"href":"https:\/\/ancomnha.io.vn\/index.php\/wp-json\/wp\/v2\/comments?post=158"}],"wp:featuredmedia":[{"embeddable":true,"href":"https:\/\/ancomnha.io.vn\/index.php\/wp-json\/wp\/v2\/media\/159"}],"wp:attachment":[{"href":"https:\/\/ancomnha.io.vn\/index.php\/wp-json\/wp\/v2\/media?parent=158"}],"wp:term":[{"taxonomy":"product_brand","embeddable":true,"href":"https:\/\/ancomnha.io.vn\/index.php\/wp-json\/wp\/v2\/product_brand?post=158"},{"taxonomy":"product_cat","embeddable":true,"href":"https:\/\/ancomnha.io.vn\/index.php\/wp-json\/wp\/v2\/product_cat?post=158"},{"taxonomy":"product_tag","embeddable":true,"href":"https:\/\/ancomnha.io.vn\/index.php\/wp-json\/wp\/v2\/product_tag?post=158"}],"curies":[{"name":"wp","href":"https:\/\/api.w.org\/{rel}","templated":true}]}}