{"id":156,"date":"2026-02-03T14:36:44","date_gmt":"2026-02-03T14:36:44","guid":{"rendered":"https:\/\/ancomnha.io.vn\/?post_type=product&#038;p=156"},"modified":"2026-02-03T14:36:44","modified_gmt":"2026-02-03T14:36:44","slug":"bo-kho-tieu","status":"publish","type":"product","link":"https:\/\/ancomnha.io.vn\/index.php\/product\/bo-kho-tieu\/","title":{"rendered":"B\u00f2 kho ti\u00eau"},"content":{"rendered":"<p>B\u00f2 kho ti\u00eau l\u00e0 m\u00f3n \u0103n \u0111\u1eadm \u0111\u00e0 v\u1edbi th\u1ecbt b\u00f2 \u0111\u01b0\u1ee3c kho m\u1ec1m trong n\u01b0\u1edbc s\u1ed1t s\u00e1nh, th\u1ea5m \u0111\u1ec1u gia v\u1ecb v\u00e0 ti\u00eau \u0111en cay n\u1ed3ng. Mi\u1ebfng b\u00f2 m\u1ec1m, th\u01a1m, v\u1ecb m\u1eb7n ng\u1ecdt h\u00e0i h\u00f2a k\u1ebft h\u1ee3p v\u1edbi m\u00f9i ti\u00eau \u0111\u1eb7c tr\u01b0ng t\u1ea1o c\u1ea3m gi\u00e1c \u1ea5m v\u00e0 r\u1ea5t b\u1eaft c\u01a1m. M\u00f3n n\u00e0y \u0103n n\u00f3ng c\u00f9ng c\u01a1m tr\u1eafng ho\u1eb7c b\u00e1nh m\u00ec \u0111\u1ec1u ngon.<\/p>\n","protected":false},"excerpt":{"rendered":"<p>B\u00f2 kho ti\u00eau l\u00e0 m\u00f3n \u0103n \u0111\u1eadm \u0111\u00e0 v\u1edbi th\u1ecbt b\u00f2 \u0111\u01b0\u1ee3c kho m\u1ec1m trong n\u01b0\u1edbc s\u1ed1t s\u00e1nh, th\u1ea5m \u0111\u1ec1u gia v\u1ecb v\u00e0 ti\u00eau \u0111en cay n\u1ed3ng. Mi\u1ebfng b\u00f2 m\u1ec1m, th\u01a1m, v\u1ecb m\u1eb7n ng\u1ecdt h\u00e0i h\u00f2a k\u1ebft h\u1ee3p v\u1edbi m\u00f9i ti\u00eau \u0111\u1eb7c tr\u01b0ng t\u1ea1o c\u1ea3m gi\u00e1c \u1ea5m v\u00e0 r\u1ea5t b\u1eaft c\u01a1m. M\u00f3n n\u00e0y \u0103n n\u00f3ng c\u00f9ng c\u01a1m tr\u1eafng ho\u1eb7c b\u00e1nh m\u00ec \u0111\u1ec1u ngon.<\/p>\n","protected":false},"featured_media":157,"comment_status":"open","ping_status":"closed","template":"","meta":{"_regular_price":["150000"],"currency_symbol":[]},"product_brand":[],"product_cat":[17],"product_tag":[],"class_list":{"0":"post-156","1":"product","2":"type-product","3":"status-publish","4":"has-post-thumbnail","6":"product_cat-uncategorized","8":"first","9":"instock","10":"sale","11":"taxable","12":"shipping-taxable","13":"purchasable","14":"product-type-simple"},"post_slider_layout_featured_media_urls":{"thumbnail":["https:\/\/ancomnha.io.vn\/wp-content\/uploads\/2026\/02\/z7463190734651_1fb28c67f0cac69fac4b9c8f5403bf9c-150x122.jpg",150,122,true],"post_slider_layout_landscape_large":["https:\/\/ancomnha.io.vn\/wp-content\/uploads\/2026\/02\/z7463190734651_1fb28c67f0cac69fac4b9c8f5403bf9c.jpg",188,122,false],"post_slider_layout_portrait_large":["https:\/\/ancomnha.io.vn\/wp-content\/uploads\/2026\/02\/z7463190734651_1fb28c67f0cac69fac4b9c8f5403bf9c.jpg",188,122,false],"post_slider_layout_square_large":["https:\/\/ancomnha.io.vn\/wp-content\/uploads\/2026\/02\/z7463190734651_1fb28c67f0cac69fac4b9c8f5403bf9c.jpg",188,122,false],"post_slider_layout_landscape":["https:\/\/ancomnha.io.vn\/wp-content\/uploads\/2026\/02\/z7463190734651_1fb28c67f0cac69fac4b9c8f5403bf9c.jpg",188,122,false],"post_slider_layout_portrait":["https:\/\/ancomnha.io.vn\/wp-content\/uploads\/2026\/02\/z7463190734651_1fb28c67f0cac69fac4b9c8f5403bf9c.jpg",188,122,false],"post_slider_layout_square":["https:\/\/ancomnha.io.vn\/wp-content\/uploads\/2026\/02\/z7463190734651_1fb28c67f0cac69fac4b9c8f5403bf9c.jpg",188,122,false],"full":["https:\/\/ancomnha.io.vn\/wp-content\/uploads\/2026\/02\/z7463190734651_1fb28c67f0cac69fac4b9c8f5403bf9c.jpg",188,122,false]},"yoast_head":"<!-- This site is optimized with the Yoast SEO plugin v27.5 - https:\/\/yoast.com\/product\/yoast-seo-wordpress\/ -->\n<title>B\u00f2 kho ti\u00eau - \u0102n C\u01a1m Nh\u00e1<\/title>\n<meta name=\"description\" content=\"B\u00f2 kho ti\u00eau l\u00e0 m\u00f3n \u0103n \u0111\u1eadm \u0111\u00e0 v\u1edbi th\u1ecbt b\u00f2 \u0111\u01b0\u1ee3c kho m\u1ec1m trong n\u01b0\u1edbc s\u1ed1t s\u00e1nh, th\u1ea5m \u0111\u1ec1u gia v\u1ecb v\u00e0 ti\u00eau \u0111en cay n\u1ed3ng. Mi\u1ebfng b\u00f2 m\u1ec1m, th\u01a1m, v\u1ecb m\u1eb7n ng\u1ecdt h\u00e0i h\u00f2a k\u1ebft h\u1ee3p v\u1edbi m\u00f9i ti\u00eau \u0111\u1eb7c tr\u01b0ng t\u1ea1o c\u1ea3m gi\u00e1c \u1ea5m v\u00e0 r\u1ea5t b\u1eaft c\u01a1m. M\u00f3n n\u00e0y \u0103n n\u00f3ng c\u00f9ng c\u01a1m tr\u1eafng ho\u1eb7c b\u00e1nh m\u00ec \u0111\u1ec1u ngon.\" \/>\n<meta name=\"robots\" content=\"index, follow, max-snippet:-1, max-image-preview:large, max-video-preview:-1\" \/>\n<link rel=\"canonical\" href=\"https:\/\/ancomnha.io.vn\/index.php\/product\/bo-kho-tieu\/\" \/>\n<meta property=\"og:locale\" content=\"vi_VN\" \/>\n<meta property=\"og:type\" content=\"article\" \/>\n<meta property=\"og:title\" content=\"B\u00f2 kho ti\u00eau - \u0102n C\u01a1m Nh\u00e1\" \/>\n<meta property=\"og:description\" content=\"B\u00f2 kho ti\u00eau l\u00e0 m\u00f3n \u0103n \u0111\u1eadm \u0111\u00e0 v\u1edbi th\u1ecbt b\u00f2 \u0111\u01b0\u1ee3c kho m\u1ec1m trong n\u01b0\u1edbc s\u1ed1t s\u00e1nh, th\u1ea5m \u0111\u1ec1u gia v\u1ecb v\u00e0 ti\u00eau \u0111en cay n\u1ed3ng. Mi\u1ebfng b\u00f2 m\u1ec1m, th\u01a1m, v\u1ecb m\u1eb7n ng\u1ecdt h\u00e0i h\u00f2a k\u1ebft h\u1ee3p v\u1edbi m\u00f9i ti\u00eau \u0111\u1eb7c tr\u01b0ng t\u1ea1o c\u1ea3m gi\u00e1c \u1ea5m v\u00e0 r\u1ea5t b\u1eaft c\u01a1m. M\u00f3n n\u00e0y \u0103n n\u00f3ng c\u00f9ng c\u01a1m tr\u1eafng ho\u1eb7c b\u00e1nh m\u00ec \u0111\u1ec1u ngon.\" \/>\n<meta property=\"og:url\" content=\"https:\/\/ancomnha.io.vn\/index.php\/product\/bo-kho-tieu\/\" \/>\n<meta property=\"og:site_name\" content=\"\u0102n C\u01a1m Nh\u00e1\" \/>\n<meta property=\"og:image\" content=\"https:\/\/ancomnha.io.vn\/wp-content\/uploads\/2026\/02\/z7463190734651_1fb28c67f0cac69fac4b9c8f5403bf9c.jpg\" \/>\n\t<meta property=\"og:image:width\" content=\"188\" \/>\n\t<meta property=\"og:image:height\" content=\"122\" \/>\n\t<meta property=\"og:image:type\" content=\"image\/jpeg\" \/>\n<meta name=\"twitter:card\" content=\"summary_large_image\" \/>\n<meta name=\"twitter:label1\" content=\"\u01af\u1edbc t\u00ednh th\u1eddi gian \u0111\u1ecdc\" \/>\n\t<meta name=\"twitter:data1\" content=\"1 ph\u00fat\" \/>\n<script type=\"application\/ld+json\" class=\"yoast-schema-graph\">{\"@context\":\"https:\\\/\\\/schema.org\",\"@graph\":[{\"@type\":\"WebPage\",\"@id\":\"https:\\\/\\\/ancomnha.io.vn\\\/index.php\\\/product\\\/bo-kho-tieu\\\/\",\"url\":\"https:\\\/\\\/ancomnha.io.vn\\\/index.php\\\/product\\\/bo-kho-tieu\\\/\",\"name\":\"B\u00f2 kho ti\u00eau - \u0102n C\u01a1m Nh\u00e1\",\"isPartOf\":{\"@id\":\"https:\\\/\\\/ancomnha.io.vn\\\/#website\"},\"primaryImageOfPage\":{\"@id\":\"https:\\\/\\\/ancomnha.io.vn\\\/index.php\\\/product\\\/bo-kho-tieu\\\/#primaryimage\"},\"image\":{\"@id\":\"https:\\\/\\\/ancomnha.io.vn\\\/index.php\\\/product\\\/bo-kho-tieu\\\/#primaryimage\"},\"thumbnailUrl\":\"https:\\\/\\\/ancomnha.io.vn\\\/wp-content\\\/uploads\\\/2026\\\/02\\\/z7463190734651_1fb28c67f0cac69fac4b9c8f5403bf9c.jpg\",\"datePublished\":\"2026-02-03T14:36:44+00:00\",\"description\":\"B\u00f2 kho ti\u00eau l\u00e0 m\u00f3n \u0103n \u0111\u1eadm \u0111\u00e0 v\u1edbi th\u1ecbt b\u00f2 \u0111\u01b0\u1ee3c kho m\u1ec1m trong n\u01b0\u1edbc s\u1ed1t s\u00e1nh, th\u1ea5m \u0111\u1ec1u gia v\u1ecb v\u00e0 ti\u00eau \u0111en cay n\u1ed3ng. Mi\u1ebfng b\u00f2 m\u1ec1m, th\u01a1m, v\u1ecb m\u1eb7n ng\u1ecdt h\u00e0i h\u00f2a k\u1ebft h\u1ee3p v\u1edbi m\u00f9i ti\u00eau \u0111\u1eb7c tr\u01b0ng t\u1ea1o c\u1ea3m gi\u00e1c \u1ea5m v\u00e0 r\u1ea5t b\u1eaft c\u01a1m. M\u00f3n n\u00e0y \u0103n n\u00f3ng c\u00f9ng c\u01a1m tr\u1eafng ho\u1eb7c b\u00e1nh m\u00ec \u0111\u1ec1u ngon.\",\"breadcrumb\":{\"@id\":\"https:\\\/\\\/ancomnha.io.vn\\\/index.php\\\/product\\\/bo-kho-tieu\\\/#breadcrumb\"},\"inLanguage\":\"vi\",\"potentialAction\":[{\"@type\":\"ReadAction\",\"target\":[\"https:\\\/\\\/ancomnha.io.vn\\\/index.php\\\/product\\\/bo-kho-tieu\\\/\"]}]},{\"@type\":\"ImageObject\",\"inLanguage\":\"vi\",\"@id\":\"https:\\\/\\\/ancomnha.io.vn\\\/index.php\\\/product\\\/bo-kho-tieu\\\/#primaryimage\",\"url\":\"https:\\\/\\\/ancomnha.io.vn\\\/wp-content\\\/uploads\\\/2026\\\/02\\\/z7463190734651_1fb28c67f0cac69fac4b9c8f5403bf9c.jpg\",\"contentUrl\":\"https:\\\/\\\/ancomnha.io.vn\\\/wp-content\\\/uploads\\\/2026\\\/02\\\/z7463190734651_1fb28c67f0cac69fac4b9c8f5403bf9c.jpg\",\"width\":188,\"height\":122},{\"@type\":\"BreadcrumbList\",\"@id\":\"https:\\\/\\\/ancomnha.io.vn\\\/index.php\\\/product\\\/bo-kho-tieu\\\/#breadcrumb\",\"itemListElement\":[{\"@type\":\"ListItem\",\"position\":1,\"name\":\"Home\",\"item\":\"https:\\\/\\\/ancomnha.io.vn\\\/\"},{\"@type\":\"ListItem\",\"position\":2,\"name\":\"Shop\",\"item\":\"https:\\\/\\\/ancomnha.io.vn\\\/index.php\\\/shop\\\/\"},{\"@type\":\"ListItem\",\"position\":3,\"name\":\"B\u00f2 kho ti\u00eau\"}]},{\"@type\":\"WebSite\",\"@id\":\"https:\\\/\\\/ancomnha.io.vn\\\/#website\",\"url\":\"https:\\\/\\\/ancomnha.io.vn\\\/\",\"name\":\"\u0102n C\u01a1m Nh\u00e1\",\"description\":\"\",\"publisher\":{\"@id\":\"https:\\\/\\\/ancomnha.io.vn\\\/#organization\"},\"potentialAction\":[{\"@type\":\"SearchAction\",\"target\":{\"@type\":\"EntryPoint\",\"urlTemplate\":\"https:\\\/\\\/ancomnha.io.vn\\\/?s={search_term_string}\"},\"query-input\":{\"@type\":\"PropertyValueSpecification\",\"valueRequired\":true,\"valueName\":\"search_term_string\"}}],\"inLanguage\":\"vi\"},{\"@type\":\"Organization\",\"@id\":\"https:\\\/\\\/ancomnha.io.vn\\\/#organization\",\"name\":\"\u0102n C\u01a1m Nh\u00e1\",\"url\":\"https:\\\/\\\/ancomnha.io.vn\\\/\",\"logo\":{\"@type\":\"ImageObject\",\"inLanguage\":\"vi\",\"@id\":\"https:\\\/\\\/ancomnha.io.vn\\\/#\\\/schema\\\/logo\\\/image\\\/\",\"url\":\"https:\\\/\\\/ancomnha.io.vn\\\/wp-content\\\/uploads\\\/2026\\\/01\\\/cropped-logo-ancomnha-1.jpg\",\"contentUrl\":\"https:\\\/\\\/ancomnha.io.vn\\\/wp-content\\\/uploads\\\/2026\\\/01\\\/cropped-logo-ancomnha-1.jpg\",\"width\":200,\"height\":200,\"caption\":\"\u0102n C\u01a1m Nh\u00e1\"},\"image\":{\"@id\":\"https:\\\/\\\/ancomnha.io.vn\\\/#\\\/schema\\\/logo\\\/image\\\/\"}}]}<\/script>\n<!-- \/ Yoast SEO plugin. -->","yoast_head_json":{"title":"B\u00f2 kho ti\u00eau - \u0102n C\u01a1m Nh\u00e1","description":"B\u00f2 kho ti\u00eau l\u00e0 m\u00f3n \u0103n \u0111\u1eadm \u0111\u00e0 v\u1edbi th\u1ecbt b\u00f2 \u0111\u01b0\u1ee3c kho m\u1ec1m trong n\u01b0\u1edbc s\u1ed1t s\u00e1nh, th\u1ea5m \u0111\u1ec1u gia v\u1ecb v\u00e0 ti\u00eau \u0111en cay n\u1ed3ng. Mi\u1ebfng b\u00f2 m\u1ec1m, th\u01a1m, v\u1ecb m\u1eb7n ng\u1ecdt h\u00e0i h\u00f2a k\u1ebft h\u1ee3p v\u1edbi m\u00f9i ti\u00eau \u0111\u1eb7c tr\u01b0ng t\u1ea1o c\u1ea3m gi\u00e1c \u1ea5m v\u00e0 r\u1ea5t b\u1eaft c\u01a1m. M\u00f3n n\u00e0y \u0103n n\u00f3ng c\u00f9ng c\u01a1m tr\u1eafng ho\u1eb7c b\u00e1nh m\u00ec \u0111\u1ec1u ngon.","robots":{"index":"index","follow":"follow","max-snippet":"max-snippet:-1","max-image-preview":"max-image-preview:large","max-video-preview":"max-video-preview:-1"},"canonical":"https:\/\/ancomnha.io.vn\/index.php\/product\/bo-kho-tieu\/","og_locale":"vi_VN","og_type":"article","og_title":"B\u00f2 kho ti\u00eau - \u0102n C\u01a1m Nh\u00e1","og_description":"B\u00f2 kho ti\u00eau l\u00e0 m\u00f3n \u0103n \u0111\u1eadm \u0111\u00e0 v\u1edbi th\u1ecbt b\u00f2 \u0111\u01b0\u1ee3c kho m\u1ec1m trong n\u01b0\u1edbc s\u1ed1t s\u00e1nh, th\u1ea5m \u0111\u1ec1u gia v\u1ecb v\u00e0 ti\u00eau \u0111en cay n\u1ed3ng. Mi\u1ebfng b\u00f2 m\u1ec1m, th\u01a1m, v\u1ecb m\u1eb7n ng\u1ecdt h\u00e0i h\u00f2a k\u1ebft h\u1ee3p v\u1edbi m\u00f9i ti\u00eau \u0111\u1eb7c tr\u01b0ng t\u1ea1o c\u1ea3m gi\u00e1c \u1ea5m v\u00e0 r\u1ea5t b\u1eaft c\u01a1m. M\u00f3n n\u00e0y \u0103n n\u00f3ng c\u00f9ng c\u01a1m tr\u1eafng ho\u1eb7c b\u00e1nh m\u00ec \u0111\u1ec1u ngon.","og_url":"https:\/\/ancomnha.io.vn\/index.php\/product\/bo-kho-tieu\/","og_site_name":"\u0102n C\u01a1m Nh\u00e1","og_image":[{"width":188,"height":122,"url":"https:\/\/ancomnha.io.vn\/wp-content\/uploads\/2026\/02\/z7463190734651_1fb28c67f0cac69fac4b9c8f5403bf9c.jpg","type":"image\/jpeg"}],"twitter_card":"summary_large_image","twitter_misc":{"\u01af\u1edbc t\u00ednh th\u1eddi gian \u0111\u1ecdc":"1 ph\u00fat"},"schema":{"@context":"https:\/\/schema.org","@graph":[{"@type":"WebPage","@id":"https:\/\/ancomnha.io.vn\/index.php\/product\/bo-kho-tieu\/","url":"https:\/\/ancomnha.io.vn\/index.php\/product\/bo-kho-tieu\/","name":"B\u00f2 kho ti\u00eau - \u0102n C\u01a1m Nh\u00e1","isPartOf":{"@id":"https:\/\/ancomnha.io.vn\/#website"},"primaryImageOfPage":{"@id":"https:\/\/ancomnha.io.vn\/index.php\/product\/bo-kho-tieu\/#primaryimage"},"image":{"@id":"https:\/\/ancomnha.io.vn\/index.php\/product\/bo-kho-tieu\/#primaryimage"},"thumbnailUrl":"https:\/\/ancomnha.io.vn\/wp-content\/uploads\/2026\/02\/z7463190734651_1fb28c67f0cac69fac4b9c8f5403bf9c.jpg","datePublished":"2026-02-03T14:36:44+00:00","description":"B\u00f2 kho ti\u00eau l\u00e0 m\u00f3n \u0103n \u0111\u1eadm \u0111\u00e0 v\u1edbi th\u1ecbt b\u00f2 \u0111\u01b0\u1ee3c kho m\u1ec1m trong n\u01b0\u1edbc s\u1ed1t s\u00e1nh, th\u1ea5m \u0111\u1ec1u gia v\u1ecb v\u00e0 ti\u00eau \u0111en cay n\u1ed3ng. Mi\u1ebfng b\u00f2 m\u1ec1m, th\u01a1m, v\u1ecb m\u1eb7n ng\u1ecdt h\u00e0i h\u00f2a k\u1ebft h\u1ee3p v\u1edbi m\u00f9i ti\u00eau \u0111\u1eb7c tr\u01b0ng t\u1ea1o c\u1ea3m gi\u00e1c \u1ea5m v\u00e0 r\u1ea5t b\u1eaft c\u01a1m. M\u00f3n n\u00e0y \u0103n n\u00f3ng c\u00f9ng c\u01a1m tr\u1eafng ho\u1eb7c b\u00e1nh m\u00ec \u0111\u1ec1u ngon.","breadcrumb":{"@id":"https:\/\/ancomnha.io.vn\/index.php\/product\/bo-kho-tieu\/#breadcrumb"},"inLanguage":"vi","potentialAction":[{"@type":"ReadAction","target":["https:\/\/ancomnha.io.vn\/index.php\/product\/bo-kho-tieu\/"]}]},{"@type":"ImageObject","inLanguage":"vi","@id":"https:\/\/ancomnha.io.vn\/index.php\/product\/bo-kho-tieu\/#primaryimage","url":"https:\/\/ancomnha.io.vn\/wp-content\/uploads\/2026\/02\/z7463190734651_1fb28c67f0cac69fac4b9c8f5403bf9c.jpg","contentUrl":"https:\/\/ancomnha.io.vn\/wp-content\/uploads\/2026\/02\/z7463190734651_1fb28c67f0cac69fac4b9c8f5403bf9c.jpg","width":188,"height":122},{"@type":"BreadcrumbList","@id":"https:\/\/ancomnha.io.vn\/index.php\/product\/bo-kho-tieu\/#breadcrumb","itemListElement":[{"@type":"ListItem","position":1,"name":"Home","item":"https:\/\/ancomnha.io.vn\/"},{"@type":"ListItem","position":2,"name":"Shop","item":"https:\/\/ancomnha.io.vn\/index.php\/shop\/"},{"@type":"ListItem","position":3,"name":"B\u00f2 kho ti\u00eau"}]},{"@type":"WebSite","@id":"https:\/\/ancomnha.io.vn\/#website","url":"https:\/\/ancomnha.io.vn\/","name":"\u0102n C\u01a1m Nh\u00e1","description":"","publisher":{"@id":"https:\/\/ancomnha.io.vn\/#organization"},"potentialAction":[{"@type":"SearchAction","target":{"@type":"EntryPoint","urlTemplate":"https:\/\/ancomnha.io.vn\/?s={search_term_string}"},"query-input":{"@type":"PropertyValueSpecification","valueRequired":true,"valueName":"search_term_string"}}],"inLanguage":"vi"},{"@type":"Organization","@id":"https:\/\/ancomnha.io.vn\/#organization","name":"\u0102n C\u01a1m Nh\u00e1","url":"https:\/\/ancomnha.io.vn\/","logo":{"@type":"ImageObject","inLanguage":"vi","@id":"https:\/\/ancomnha.io.vn\/#\/schema\/logo\/image\/","url":"https:\/\/ancomnha.io.vn\/wp-content\/uploads\/2026\/01\/cropped-logo-ancomnha-1.jpg","contentUrl":"https:\/\/ancomnha.io.vn\/wp-content\/uploads\/2026\/01\/cropped-logo-ancomnha-1.jpg","width":200,"height":200,"caption":"\u0102n C\u01a1m Nh\u00e1"},"image":{"@id":"https:\/\/ancomnha.io.vn\/#\/schema\/logo\/image\/"}}]}},"jetpack_sharing_enabled":true,"_links":{"self":[{"href":"https:\/\/ancomnha.io.vn\/index.php\/wp-json\/wp\/v2\/product\/156","targetHints":{"allow":["GET"]}}],"collection":[{"href":"https:\/\/ancomnha.io.vn\/index.php\/wp-json\/wp\/v2\/product"}],"about":[{"href":"https:\/\/ancomnha.io.vn\/index.php\/wp-json\/wp\/v2\/types\/product"}],"replies":[{"embeddable":true,"href":"https:\/\/ancomnha.io.vn\/index.php\/wp-json\/wp\/v2\/comments?post=156"}],"wp:featuredmedia":[{"embeddable":true,"href":"https:\/\/ancomnha.io.vn\/index.php\/wp-json\/wp\/v2\/media\/157"}],"wp:attachment":[{"href":"https:\/\/ancomnha.io.vn\/index.php\/wp-json\/wp\/v2\/media?parent=156"}],"wp:term":[{"taxonomy":"product_brand","embeddable":true,"href":"https:\/\/ancomnha.io.vn\/index.php\/wp-json\/wp\/v2\/product_brand?post=156"},{"taxonomy":"product_cat","embeddable":true,"href":"https:\/\/ancomnha.io.vn\/index.php\/wp-json\/wp\/v2\/product_cat?post=156"},{"taxonomy":"product_tag","embeddable":true,"href":"https:\/\/ancomnha.io.vn\/index.php\/wp-json\/wp\/v2\/product_tag?post=156"}],"curies":[{"name":"wp","href":"https:\/\/api.w.org\/{rel}","templated":true}]}}